{"id":49851,"date":"2025-11-10T18:32:06","date_gmt":"2025-11-10T17:32:06","guid":{"rendered":"https:\/\/www.ernstbrunn-apotheke.at\/katalog\/produkt\/sidroga-tee-galle-leber-20-btl\/"},"modified":"2025-12-08T16:40:55","modified_gmt":"2025-12-08T15:40:55","slug":"sidroga-tee-galle-leber-20-btl","status":"publish","type":"product","link":"https:\/\/www.ernstbrunn-apotheke.at\/katalog\/produkt\/sidroga-tee-galle-leber-20-btl\/","title":{"rendered":"Sidroga Tee Galle + Leber 20 Btl."},"content":{"rendered":"<p>Sidroga Gallen- und Lebertee ist ein traditionelles pflanzliches Arzneimittel zur Linderung der Beschwerden bei leichten auch krampfartigen Verdauungsst\u00f6rungen wie V\u00f6llegef\u00fchl und Bl\u00e4hungen. Die Bitterstoffe des Schafgarbenkrauts und der L\u00f6wenzahnwurzel f\u00f6rdern die Bildung von Verdauungss\u00e4ften. Pfefferminzbl\u00e4tter und Mariendistelfr\u00fcchte unterst\u00fctzen den verdauungsf\u00f6rdernden Effekt.<\/p>\n","protected":false},"excerpt":{"rendered":"<p>Sidroga Gallen- und Lebertee ist ein traditionelles pflanzliches Arzneimittel zur Linderung der Beschwerden bei leichten auch krampfartigen Verdauungsst\u00f6rungen wie V\u00f6llegef\u00fchl und Bl\u00e4hungen. Die Bitterstoffe des Schafgarbenkrauts und der L\u00f6wenzahnwurzel f\u00f6rdern die Bildung von Verdauungss\u00e4ften. Pfefferminzbl\u00e4tter und Mariendistelfr\u00fcchte unterst\u00fctzen den verdauungsf\u00f6rdernden Effekt.<\/p>\n","protected":false},"featured_media":49853,"template":"","meta":{"_acf_changed":false},"product_brand":[1041],"product_cat":[791],"product_tag":[],"class_list":{"0":"post-49851","1":"product","2":"type-product","3":"status-publish","4":"has-post-thumbnail","6":"product_brand-sidroga","7":"product_cat-s","8":"pa_packungsgroesse-20-beutel","10":"first","11":"instock","12":"shipping-taxable","13":"purchasable","14":"product-type-simple"},"acf":[],"_links":{"self":[{"href":"https:\/\/www.ernstbrunn-apotheke.at\/katalog\/wp-json\/wp\/v2\/product\/49851","targetHints":{"allow":["GET"]}}],"collection":[{"href":"https:\/\/www.ernstbrunn-apotheke.at\/katalog\/wp-json\/wp\/v2\/product"}],"about":[{"href":"https:\/\/www.ernstbrunn-apotheke.at\/katalog\/wp-json\/wp\/v2\/types\/product"}],"wp:featuredmedia":[{"embeddable":true,"href":"https:\/\/www.ernstbrunn-apotheke.at\/katalog\/wp-json\/wp\/v2\/media\/49853"}],"wp:attachment":[{"href":"https:\/\/www.ernstbrunn-apotheke.at\/katalog\/wp-json\/wp\/v2\/media?parent=49851"}],"wp:term":[{"taxonomy":"product_brand","embeddable":true,"href":"https:\/\/www.ernstbrunn-apotheke.at\/katalog\/wp-json\/wp\/v2\/product_brand?post=49851"},{"taxonomy":"product_cat","embeddable":true,"href":"https:\/\/www.ernstbrunn-apotheke.at\/katalog\/wp-json\/wp\/v2\/product_cat?post=49851"},{"taxonomy":"product_tag","embeddable":true,"href":"https:\/\/www.ernstbrunn-apotheke.at\/katalog\/wp-json\/wp\/v2\/product_tag?post=49851"}],"curies":[{"name":"wp","href":"https:\/\/api.w.org\/{rel}","templated":true}]}}