{"id":49847,"date":"2025-11-10T18:32:06","date_gmt":"2025-11-10T17:32:06","guid":{"rendered":"https:\/\/www.ernstbrunn-apotheke.at\/katalog\/produkt\/sidroga-tee-express-15-stk-baeuchlein-beutel\/"},"modified":"2025-12-08T16:40:54","modified_gmt":"2025-12-08T15:40:54","slug":"sidroga-tee-express-15-stk-baeuchlein-beutel","status":"publish","type":"product","link":"https:\/\/www.ernstbrunn-apotheke.at\/katalog\/produkt\/sidroga-tee-express-15-stk-baeuchlein-beutel\/","title":{"rendered":"Sidroga Tee-Express 15 Stk. B\u00e4uchlein Beutel"},"content":{"rendered":"<p>Sidroge TEExpress ist ein zu 100% pflanzlicher Kr\u00e4uter-Extrakttee f\u00fcr Kinder. Der Tee ist warm oder kalt sofort l\u00f6slich und besonders praktisch f\u00fcr unterwegs. Mit Fenchel, K\u00fcmmel und Anis zum Aufguss eines Tees f\u00fcr Kinder ab der 1. Woche und Erwachsene..<\/p>\n","protected":false},"excerpt":{"rendered":"<p>Sidroge TEExpress ist ein zu 100% pflanzlicher Kr\u00e4uter-Extrakttee f\u00fcr Kinder. Der Tee ist warm oder kalt sofort l\u00f6slich und besonders praktisch f\u00fcr unterwegs. Mit Fenchel, K\u00fcmmel und Anis zum Aufguss eines Tees f\u00fcr Kinder ab der 1. Woche und Erwachsene..<\/p>\n","protected":false},"featured_media":49849,"template":"","meta":{"_acf_changed":false},"product_brand":[1041],"product_cat":[791],"product_tag":[],"class_list":{"0":"post-49847","1":"product","2":"type-product","3":"status-publish","4":"has-post-thumbnail","6":"product_brand-sidroga","7":"product_cat-s","8":"pa_packungsgroesse-15-beutel","10":"first","11":"instock","12":"shipping-taxable","13":"purchasable","14":"product-type-simple"},"acf":[],"_links":{"self":[{"href":"https:\/\/www.ernstbrunn-apotheke.at\/katalog\/wp-json\/wp\/v2\/product\/49847","targetHints":{"allow":["GET"]}}],"collection":[{"href":"https:\/\/www.ernstbrunn-apotheke.at\/katalog\/wp-json\/wp\/v2\/product"}],"about":[{"href":"https:\/\/www.ernstbrunn-apotheke.at\/katalog\/wp-json\/wp\/v2\/types\/product"}],"wp:featuredmedia":[{"embeddable":true,"href":"https:\/\/www.ernstbrunn-apotheke.at\/katalog\/wp-json\/wp\/v2\/media\/49849"}],"wp:attachment":[{"href":"https:\/\/www.ernstbrunn-apotheke.at\/katalog\/wp-json\/wp\/v2\/media?parent=49847"}],"wp:term":[{"taxonomy":"product_brand","embeddable":true,"href":"https:\/\/www.ernstbrunn-apotheke.at\/katalog\/wp-json\/wp\/v2\/product_brand?post=49847"},{"taxonomy":"product_cat","embeddable":true,"href":"https:\/\/www.ernstbrunn-apotheke.at\/katalog\/wp-json\/wp\/v2\/product_cat?post=49847"},{"taxonomy":"product_tag","embeddable":true,"href":"https:\/\/www.ernstbrunn-apotheke.at\/katalog\/wp-json\/wp\/v2\/product_tag?post=49847"}],"curies":[{"name":"wp","href":"https:\/\/api.w.org\/{rel}","templated":true}]}}