{"id":49801,"date":"2025-11-10T18:31:01","date_gmt":"2025-11-10T17:31:01","guid":{"rendered":"https:\/\/www.ernstbrunn-apotheke.at\/katalog\/produkt\/sidroga-schlaf-und-nerventee-20-stk\/"},"modified":"2025-12-08T16:40:47","modified_gmt":"2025-12-08T15:40:47","slug":"sidroga-schlaf-und-nerventee-20-stk","status":"publish","type":"product","link":"https:\/\/www.ernstbrunn-apotheke.at\/katalog\/produkt\/sidroga-schlaf-und-nerventee-20-stk\/","title":{"rendered":"Sidroga Schlaf- und Nerventee 20 Stk."},"content":{"rendered":"<p>Sidroga Schlaf- und Nerventee ist eine hochwertige Mischung ausgesuchter Pflanzen mit schlaff\u00f6rdernden Eigenschaften: Baldrianwurzel, Melissenbl\u00e4tter und Passionsblumenkraut sind f\u00fcr ihre beruhigenden und schlaff\u00f6rdernden Eigenschaften bekannt. Pfefferminzbl\u00e4tter tragen zur Wirkung des Tees bei. Rosmarinbl\u00e4tter sowie Anis und S\u00fc\u00dfholzwurzel runden diesen Tee mit ihren nuancierten Aromen geschmacklich ab.<\/p>\n","protected":false},"excerpt":{"rendered":"<p>Sidroga Schlaf- und Nerventee ist eine hochwertige Mischung ausgesuchter Pflanzen mit schlaff\u00f6rdernden Eigenschaften: Baldrianwurzel, Melissenbl\u00e4tter und Passionsblumenkraut sind f\u00fcr ihre beruhigenden und schlaff\u00f6rdernden Eigenschaften bekannt. Pfefferminzbl\u00e4tter tragen zur Wirkung des Tees bei. Rosmarinbl\u00e4tter sowie Anis und S\u00fc\u00dfholzwurzel runden diesen Tee mit ihren nuancierten Aromen geschmacklich ab.<\/p>\n","protected":false},"featured_media":49803,"template":"","meta":{"_acf_changed":false},"product_brand":[1041],"product_cat":[791],"product_tag":[],"class_list":{"0":"post-49801","1":"product","2":"type-product","3":"status-publish","4":"has-post-thumbnail","6":"product_brand-sidroga","7":"product_cat-s","8":"pa_packungsgroesse-20-beutel","10":"first","11":"instock","12":"shipping-taxable","13":"purchasable","14":"product-type-simple"},"acf":[],"_links":{"self":[{"href":"https:\/\/www.ernstbrunn-apotheke.at\/katalog\/wp-json\/wp\/v2\/product\/49801","targetHints":{"allow":["GET"]}}],"collection":[{"href":"https:\/\/www.ernstbrunn-apotheke.at\/katalog\/wp-json\/wp\/v2\/product"}],"about":[{"href":"https:\/\/www.ernstbrunn-apotheke.at\/katalog\/wp-json\/wp\/v2\/types\/product"}],"wp:featuredmedia":[{"embeddable":true,"href":"https:\/\/www.ernstbrunn-apotheke.at\/katalog\/wp-json\/wp\/v2\/media\/49803"}],"wp:attachment":[{"href":"https:\/\/www.ernstbrunn-apotheke.at\/katalog\/wp-json\/wp\/v2\/media?parent=49801"}],"wp:term":[{"taxonomy":"product_brand","embeddable":true,"href":"https:\/\/www.ernstbrunn-apotheke.at\/katalog\/wp-json\/wp\/v2\/product_brand?post=49801"},{"taxonomy":"product_cat","embeddable":true,"href":"https:\/\/www.ernstbrunn-apotheke.at\/katalog\/wp-json\/wp\/v2\/product_cat?post=49801"},{"taxonomy":"product_tag","embeddable":true,"href":"https:\/\/www.ernstbrunn-apotheke.at\/katalog\/wp-json\/wp\/v2\/product_tag?post=49801"}],"curies":[{"name":"wp","href":"https:\/\/api.w.org\/{rel}","templated":true}]}}