{"id":49761,"date":"2025-11-10T18:29:58","date_gmt":"2025-11-10T17:29:58","guid":{"rendered":"https:\/\/www.ernstbrunn-apotheke.at\/katalog\/produkt\/sidroga-husten-und-bronchialtee\/"},"modified":"2025-12-08T16:40:41","modified_gmt":"2025-12-08T15:40:41","slug":"sidroga-husten-und-bronchialtee","status":"publish","type":"product","link":"https:\/\/www.ernstbrunn-apotheke.at\/katalog\/produkt\/sidroga-husten-und-bronchialtee\/","title":{"rendered":"Sidroga Husten- und Bronchialtee"},"content":{"rendered":"<p>Der Sidroga Husten- und Bronchialtee enth\u00e4lt mit Thymian, Eibischwurzel, Spitzwegerichkraut, Isl\u00e4ndisch Moos und S\u00fc\u00dfholzwurzel Arzneidrogen, die seit Jahren bei Husten Verwendung finden. Eibischwurzel, Spitzwegerichkraut und Isl\u00e4ndisch Moos haben aufgrund ihrer Inhaltsstoffe, den Schleimstoffen, eine hustenreizlindernde Wirkung. Thymian erleichtern durch ihren Gehalt an \u00e4therischem \u00d6l das Abhusten.<\/p>\n","protected":false},"excerpt":{"rendered":"<p>Der Sidroga Husten- und Bronchialtee enth\u00e4lt mit Thymian, Eibischwurzel, Spitzwegerichkraut, Isl\u00e4ndisch Moos und S\u00fc\u00dfholzwurzel Arzneidrogen, die seit Jahren bei Husten Verwendung finden. Eibischwurzel, Spitzwegerichkraut und Isl\u00e4ndisch Moos haben aufgrund ihrer Inhaltsstoffe, den Schleimstoffen, eine hustenreizlindernde Wirkung. Thymian erleichtern durch ihren Gehalt an \u00e4therischem \u00d6l das Abhusten.<\/p>\n","protected":false},"featured_media":49763,"template":"","meta":{"_acf_changed":false},"product_brand":[1041],"product_cat":[791],"product_tag":[],"class_list":{"0":"post-49761","1":"product","2":"type-product","3":"status-publish","4":"has-post-thumbnail","6":"product_brand-sidroga","7":"product_cat-s","8":"pa_packungsgroesse-20-beutel","10":"first","11":"instock","12":"shipping-taxable","13":"purchasable","14":"product-type-simple"},"acf":[],"_links":{"self":[{"href":"https:\/\/www.ernstbrunn-apotheke.at\/katalog\/wp-json\/wp\/v2\/product\/49761","targetHints":{"allow":["GET"]}}],"collection":[{"href":"https:\/\/www.ernstbrunn-apotheke.at\/katalog\/wp-json\/wp\/v2\/product"}],"about":[{"href":"https:\/\/www.ernstbrunn-apotheke.at\/katalog\/wp-json\/wp\/v2\/types\/product"}],"wp:featuredmedia":[{"embeddable":true,"href":"https:\/\/www.ernstbrunn-apotheke.at\/katalog\/wp-json\/wp\/v2\/media\/49763"}],"wp:attachment":[{"href":"https:\/\/www.ernstbrunn-apotheke.at\/katalog\/wp-json\/wp\/v2\/media?parent=49761"}],"wp:term":[{"taxonomy":"product_brand","embeddable":true,"href":"https:\/\/www.ernstbrunn-apotheke.at\/katalog\/wp-json\/wp\/v2\/product_brand?post=49761"},{"taxonomy":"product_cat","embeddable":true,"href":"https:\/\/www.ernstbrunn-apotheke.at\/katalog\/wp-json\/wp\/v2\/product_cat?post=49761"},{"taxonomy":"product_tag","embeddable":true,"href":"https:\/\/www.ernstbrunn-apotheke.at\/katalog\/wp-json\/wp\/v2\/product_tag?post=49761"}],"curies":[{"name":"wp","href":"https:\/\/api.w.org\/{rel}","templated":true}]}}