{"id":49689,"date":"2025-11-10T18:29:03","date_gmt":"2025-11-10T17:29:03","guid":{"rendered":"https:\/\/www.ernstbrunn-apotheke.at\/katalog\/produkt\/dr-kottas-bio-kindertee-20-stk\/"},"modified":"2025-12-08T16:40:29","modified_gmt":"2025-12-08T15:40:29","slug":"dr-kottas-bio-kindertee-20-stk","status":"publish","type":"product","link":"https:\/\/www.ernstbrunn-apotheke.at\/katalog\/produkt\/dr-kottas-bio-kindertee-20-stk\/","title":{"rendered":"Dr. Kottas Bio-Kindertee 20 Stk."},"content":{"rendered":"<p>Kr\u00e4uter f\u00fcr Ihr Kind &#8211; nach dem 4. Monat. Von Kindern gerne getrunkener Kr\u00e4utertee mit Holunderbl\u00fcten in BIO-Qualit\u00e4t.<\/p>\n","protected":false},"excerpt":{"rendered":"<p>Kr\u00e4uter f\u00fcr Ihr Kind &#8211; nach dem 4. Monat. Von Kindern gerne getrunkener Kr\u00e4utertee mit Holunderbl\u00fcten in BIO-Qualit\u00e4t.<\/p>\n","protected":false},"featured_media":49691,"template":"","meta":{"_acf_changed":false},"product_brand":[340],"product_cat":[792],"product_tag":[],"class_list":{"0":"post-49689","1":"product","2":"type-product","3":"status-publish","4":"has-post-thumbnail","6":"product_brand-dr-kottas","7":"product_cat-d","8":"pa_packungsgroesse-20-beutel","10":"first","11":"instock","12":"shipping-taxable","13":"purchasable","14":"product-type-simple"},"acf":[],"_links":{"self":[{"href":"https:\/\/www.ernstbrunn-apotheke.at\/katalog\/wp-json\/wp\/v2\/product\/49689","targetHints":{"allow":["GET"]}}],"collection":[{"href":"https:\/\/www.ernstbrunn-apotheke.at\/katalog\/wp-json\/wp\/v2\/product"}],"about":[{"href":"https:\/\/www.ernstbrunn-apotheke.at\/katalog\/wp-json\/wp\/v2\/types\/product"}],"wp:featuredmedia":[{"embeddable":true,"href":"https:\/\/www.ernstbrunn-apotheke.at\/katalog\/wp-json\/wp\/v2\/media\/49691"}],"wp:attachment":[{"href":"https:\/\/www.ernstbrunn-apotheke.at\/katalog\/wp-json\/wp\/v2\/media?parent=49689"}],"wp:term":[{"taxonomy":"product_brand","embeddable":true,"href":"https:\/\/www.ernstbrunn-apotheke.at\/katalog\/wp-json\/wp\/v2\/product_brand?post=49689"},{"taxonomy":"product_cat","embeddable":true,"href":"https:\/\/www.ernstbrunn-apotheke.at\/katalog\/wp-json\/wp\/v2\/product_cat?post=49689"},{"taxonomy":"product_tag","embeddable":true,"href":"https:\/\/www.ernstbrunn-apotheke.at\/katalog\/wp-json\/wp\/v2\/product_tag?post=49689"}],"curies":[{"name":"wp","href":"https:\/\/api.w.org\/{rel}","templated":true}]}}