{"id":49659,"date":"2025-11-10T18:28:11","date_gmt":"2025-11-10T17:28:11","guid":{"rendered":"https:\/\/www.ernstbrunn-apotheke.at\/katalog\/produkt\/dr-kottas-bio-kinder-power-tee\/"},"modified":"2025-12-08T16:40:24","modified_gmt":"2025-12-08T15:40:24","slug":"dr-kottas-bio-kinder-power-tee","status":"publish","type":"product","link":"https:\/\/www.ernstbrunn-apotheke.at\/katalog\/produkt\/dr-kottas-bio-kinder-power-tee\/","title":{"rendered":"Dr. Kottas Bio-Kinder Power Tee"},"content":{"rendered":"<p>Dr. Kottas Bio-Kinder-Power-Tee 20Stk. ist ein wohlschmeckender Fr\u00fcchte-Kr\u00e4utertee mit nat\u00fcrlichem Erdbeeraroma: Freche Fr\u00fcchte, beeriger Geschmack, mit Echinacea und nat\u00fcrlichem Vitamin C aus der Acerola-Kirsche, sowie Linden- und Holunderbl\u00fcten. In Bio- und Apothekenqualit\u00e4t! Ich hab Power! &#8211; ab dem 2. Jahr.<\/p>\n","protected":false},"excerpt":{"rendered":"<p>Dr. Kottas Bio-Kinder-Power-Tee 20Stk. ist ein wohlschmeckender Fr\u00fcchte-Kr\u00e4utertee mit nat\u00fcrlichem Erdbeeraroma: Freche Fr\u00fcchte, beeriger Geschmack, mit Echinacea und nat\u00fcrlichem Vitamin C aus der Acerola-Kirsche, sowie Linden- und Holunderbl\u00fcten. In Bio- und Apothekenqualit\u00e4t! Ich hab Power! &#8211; ab dem 2. Jahr.<\/p>\n","protected":false},"featured_media":49661,"template":"","meta":{"_acf_changed":false},"product_brand":[340],"product_cat":[792],"product_tag":[],"class_list":{"0":"post-49659","1":"product","2":"type-product","3":"status-publish","4":"has-post-thumbnail","6":"product_brand-dr-kottas","7":"product_cat-d","8":"pa_packungsgroesse-20-beutel","10":"first","11":"instock","12":"shipping-taxable","13":"purchasable","14":"product-type-simple"},"acf":[],"_links":{"self":[{"href":"https:\/\/www.ernstbrunn-apotheke.at\/katalog\/wp-json\/wp\/v2\/product\/49659","targetHints":{"allow":["GET"]}}],"collection":[{"href":"https:\/\/www.ernstbrunn-apotheke.at\/katalog\/wp-json\/wp\/v2\/product"}],"about":[{"href":"https:\/\/www.ernstbrunn-apotheke.at\/katalog\/wp-json\/wp\/v2\/types\/product"}],"wp:featuredmedia":[{"embeddable":true,"href":"https:\/\/www.ernstbrunn-apotheke.at\/katalog\/wp-json\/wp\/v2\/media\/49661"}],"wp:attachment":[{"href":"https:\/\/www.ernstbrunn-apotheke.at\/katalog\/wp-json\/wp\/v2\/media?parent=49659"}],"wp:term":[{"taxonomy":"product_brand","embeddable":true,"href":"https:\/\/www.ernstbrunn-apotheke.at\/katalog\/wp-json\/wp\/v2\/product_brand?post=49659"},{"taxonomy":"product_cat","embeddable":true,"href":"https:\/\/www.ernstbrunn-apotheke.at\/katalog\/wp-json\/wp\/v2\/product_cat?post=49659"},{"taxonomy":"product_tag","embeddable":true,"href":"https:\/\/www.ernstbrunn-apotheke.at\/katalog\/wp-json\/wp\/v2\/product_tag?post=49659"}],"curies":[{"name":"wp","href":"https:\/\/api.w.org\/{rel}","templated":true}]}}