{"id":49596,"date":"2025-11-10T18:27:08","date_gmt":"2025-11-10T17:27:08","guid":{"rendered":"https:\/\/www.ernstbrunn-apotheke.at\/katalog\/produkt\/dr-kottas-gruentee-20-stk\/"},"modified":"2025-12-08T16:40:14","modified_gmt":"2025-12-08T15:40:14","slug":"dr-kottas-gruentee-20-stk","status":"publish","type":"product","link":"https:\/\/www.ernstbrunn-apotheke.at\/katalog\/produkt\/dr-kottas-gruentee-20-stk\/","title":{"rendered":"Dr. Kottas Gr\u00fcntee 20 Stk."},"content":{"rendered":"<p>Dr. Kottas Gr\u00fcntee 20 Stk. aktiviert K\u00f6rper und Geist. Es handelt sich um eine Bio-Gr\u00fcnteespezialit\u00e4t der Sorte Bancha aus den s\u00fcdlichen Anbaugebieten Japans, coffeinhaltig.In 20 Doppelkammerfilterbeuteln zu 1,9 g abgepackt, gebrauchsfertig dosiert, inhaltsstoff- und aromagesch\u00fctzt.<\/p>\n","protected":false},"excerpt":{"rendered":"<p>Dr. Kottas Gr\u00fcntee 20 Stk. aktiviert K\u00f6rper und Geist. Es handelt sich um eine Bio-Gr\u00fcnteespezialit\u00e4t der Sorte Bancha aus den s\u00fcdlichen Anbaugebieten Japans, coffeinhaltig.In 20 Doppelkammerfilterbeuteln zu 1,9 g abgepackt, gebrauchsfertig dosiert, inhaltsstoff- und aromagesch\u00fctzt.<\/p>\n","protected":false},"featured_media":49598,"template":"","meta":{"_acf_changed":false},"product_brand":[340],"product_cat":[792],"product_tag":[],"class_list":{"0":"post-49596","1":"product","2":"type-product","3":"status-publish","4":"has-post-thumbnail","6":"product_brand-dr-kottas","7":"product_cat-d","8":"pa_packungsgroesse-20-beutel","10":"first","11":"instock","12":"shipping-taxable","13":"purchasable","14":"product-type-simple"},"acf":[],"_links":{"self":[{"href":"https:\/\/www.ernstbrunn-apotheke.at\/katalog\/wp-json\/wp\/v2\/product\/49596","targetHints":{"allow":["GET"]}}],"collection":[{"href":"https:\/\/www.ernstbrunn-apotheke.at\/katalog\/wp-json\/wp\/v2\/product"}],"about":[{"href":"https:\/\/www.ernstbrunn-apotheke.at\/katalog\/wp-json\/wp\/v2\/types\/product"}],"wp:featuredmedia":[{"embeddable":true,"href":"https:\/\/www.ernstbrunn-apotheke.at\/katalog\/wp-json\/wp\/v2\/media\/49598"}],"wp:attachment":[{"href":"https:\/\/www.ernstbrunn-apotheke.at\/katalog\/wp-json\/wp\/v2\/media?parent=49596"}],"wp:term":[{"taxonomy":"product_brand","embeddable":true,"href":"https:\/\/www.ernstbrunn-apotheke.at\/katalog\/wp-json\/wp\/v2\/product_brand?post=49596"},{"taxonomy":"product_cat","embeddable":true,"href":"https:\/\/www.ernstbrunn-apotheke.at\/katalog\/wp-json\/wp\/v2\/product_cat?post=49596"},{"taxonomy":"product_tag","embeddable":true,"href":"https:\/\/www.ernstbrunn-apotheke.at\/katalog\/wp-json\/wp\/v2\/product_tag?post=49596"}],"curies":[{"name":"wp","href":"https:\/\/api.w.org\/{rel}","templated":true}]}}