{"id":49459,"date":"2025-11-10T18:23:24","date_gmt":"2025-11-10T17:23:24","guid":{"rendered":"https:\/\/www.ernstbrunn-apotheke.at\/katalog\/produkt\/dr-kottas-detox-tee-20-btl\/"},"modified":"2025-12-08T16:39:51","modified_gmt":"2025-12-08T15:39:51","slug":"dr-kottas-detox-tee-20-btl","status":"publish","type":"product","link":"https:\/\/www.ernstbrunn-apotheke.at\/katalog\/produkt\/dr-kottas-detox-tee-20-btl\/","title":{"rendered":"Dr. Kottas Detox-Tee 20 Btl."},"content":{"rendered":"<p>Dr. Kottas Detox-Tee f\u00fcr die sanfte Reinigung von innen mit: Brennesselbl\u00e4tter helfen bei der Durchsp\u00fclung der Nieren. Curcumawurzel, Mariendistelfr\u00fcchte, L\u00f6wenzahnwurzel tragen zu einer normalen Leberfunktion bei und aktivieren durch ihre Bitterstoffe den Gallenfluss. Die Curcumawurzel ist au\u00dferdem zusammen mit schwarzem Pfeffer beliebt in vielen Detox-Rezepturen. Korianderfr\u00fcchte bringen mit ihren entbl\u00e4henden Eigenschaften die Verdauung in Schwung, Gr\u00fcntee ist anregend und aktiviert K\u00f6rper und Geist und Lemongras und Apfelminze geben den frischen Geschmack.<\/p>\n","protected":false},"excerpt":{"rendered":"<p>Dr. Kottas Detox-Tee f\u00fcr die sanfte Reinigung von innen mit: Brennesselbl\u00e4tter helfen bei der Durchsp\u00fclung der Nieren. Curcumawurzel, Mariendistelfr\u00fcchte, L\u00f6wenzahnwurzel tragen zu einer normalen Leberfunktion bei und aktivieren durch ihre Bitterstoffe den Gallenfluss. Die Curcumawurzel ist au\u00dferdem zusammen mit schwarzem Pfeffer beliebt in vielen Detox-Rezepturen. Korianderfr\u00fcchte bringen mit ihren entbl\u00e4henden Eigenschaften die Verdauung in Schwung, [&hellip;]<\/p>\n","protected":false},"featured_media":49461,"template":"","meta":{"_acf_changed":false},"product_brand":[340],"product_cat":[792],"product_tag":[],"class_list":{"0":"post-49459","1":"product","2":"type-product","3":"status-publish","4":"has-post-thumbnail","6":"product_brand-dr-kottas","7":"product_cat-d","8":"pa_packungsgroesse-20-beutel","10":"first","11":"instock","12":"shipping-taxable","13":"purchasable","14":"product-type-simple"},"acf":[],"_links":{"self":[{"href":"https:\/\/www.ernstbrunn-apotheke.at\/katalog\/wp-json\/wp\/v2\/product\/49459","targetHints":{"allow":["GET"]}}],"collection":[{"href":"https:\/\/www.ernstbrunn-apotheke.at\/katalog\/wp-json\/wp\/v2\/product"}],"about":[{"href":"https:\/\/www.ernstbrunn-apotheke.at\/katalog\/wp-json\/wp\/v2\/types\/product"}],"wp:featuredmedia":[{"embeddable":true,"href":"https:\/\/www.ernstbrunn-apotheke.at\/katalog\/wp-json\/wp\/v2\/media\/49461"}],"wp:attachment":[{"href":"https:\/\/www.ernstbrunn-apotheke.at\/katalog\/wp-json\/wp\/v2\/media?parent=49459"}],"wp:term":[{"taxonomy":"product_brand","embeddable":true,"href":"https:\/\/www.ernstbrunn-apotheke.at\/katalog\/wp-json\/wp\/v2\/product_brand?post=49459"},{"taxonomy":"product_cat","embeddable":true,"href":"https:\/\/www.ernstbrunn-apotheke.at\/katalog\/wp-json\/wp\/v2\/product_cat?post=49459"},{"taxonomy":"product_tag","embeddable":true,"href":"https:\/\/www.ernstbrunn-apotheke.at\/katalog\/wp-json\/wp\/v2\/product_tag?post=49459"}],"curies":[{"name":"wp","href":"https:\/\/api.w.org\/{rel}","templated":true}]}}