{"id":49389,"date":"2025-11-10T18:22:21","date_gmt":"2025-11-10T17:22:21","guid":{"rendered":"https:\/\/www.ernstbrunn-apotheke.at\/katalog\/produkt\/dr-kottas-basentee-20-stk\/"},"modified":"2025-12-08T16:39:40","modified_gmt":"2025-12-08T15:39:40","slug":"dr-kottas-basentee-20-stk","status":"publish","type":"product","link":"https:\/\/www.ernstbrunn-apotheke.at\/katalog\/produkt\/dr-kottas-basentee-20-stk\/","title":{"rendered":"Dr. Kottas Basentee 20 Stk."},"content":{"rendered":"<p>Dr. Kottas Basentee hilft bei \u00dcbers\u00e4uerung die k\u00f6rperliche Balance wieder zu finden. Die harmonisch aufeinander abgestimmten Kr\u00e4uter mit einer basischen Mineralienmischung sind beruhigend und wohltuend f\u00fcr den gestressten Magen.<\/p>\n","protected":false},"excerpt":{"rendered":"<p>Dr. Kottas Basentee hilft bei \u00dcbers\u00e4uerung die k\u00f6rperliche Balance wieder zu finden. Die harmonisch aufeinander abgestimmten Kr\u00e4uter mit einer basischen Mineralienmischung sind beruhigend und wohltuend f\u00fcr den gestressten Magen.<\/p>\n","protected":false},"featured_media":49391,"template":"","meta":{"_acf_changed":false},"product_brand":[340],"product_cat":[792],"product_tag":[],"class_list":{"0":"post-49389","1":"product","2":"type-product","3":"status-publish","4":"has-post-thumbnail","6":"product_brand-dr-kottas","7":"product_cat-d","8":"pa_packungsgroesse-20-beutel","10":"first","11":"instock","12":"shipping-taxable","13":"purchasable","14":"product-type-simple"},"acf":[],"_links":{"self":[{"href":"https:\/\/www.ernstbrunn-apotheke.at\/katalog\/wp-json\/wp\/v2\/product\/49389","targetHints":{"allow":["GET"]}}],"collection":[{"href":"https:\/\/www.ernstbrunn-apotheke.at\/katalog\/wp-json\/wp\/v2\/product"}],"about":[{"href":"https:\/\/www.ernstbrunn-apotheke.at\/katalog\/wp-json\/wp\/v2\/types\/product"}],"wp:featuredmedia":[{"embeddable":true,"href":"https:\/\/www.ernstbrunn-apotheke.at\/katalog\/wp-json\/wp\/v2\/media\/49391"}],"wp:attachment":[{"href":"https:\/\/www.ernstbrunn-apotheke.at\/katalog\/wp-json\/wp\/v2\/media?parent=49389"}],"wp:term":[{"taxonomy":"product_brand","embeddable":true,"href":"https:\/\/www.ernstbrunn-apotheke.at\/katalog\/wp-json\/wp\/v2\/product_brand?post=49389"},{"taxonomy":"product_cat","embeddable":true,"href":"https:\/\/www.ernstbrunn-apotheke.at\/katalog\/wp-json\/wp\/v2\/product_cat?post=49389"},{"taxonomy":"product_tag","embeddable":true,"href":"https:\/\/www.ernstbrunn-apotheke.at\/katalog\/wp-json\/wp\/v2\/product_tag?post=49389"}],"curies":[{"name":"wp","href":"https:\/\/api.w.org\/{rel}","templated":true}]}}