{"id":49339,"date":"2025-11-10T18:21:26","date_gmt":"2025-11-10T17:21:26","guid":{"rendered":"https:\/\/www.ernstbrunn-apotheke.at\/katalog\/produkt\/dr-kottas-abwehrkraeftetee-20-stk\/"},"modified":"2025-12-08T16:39:33","modified_gmt":"2025-12-08T15:39:33","slug":"dr-kottas-abwehrkraeftetee-20-stk","status":"publish","type":"product","link":"https:\/\/www.ernstbrunn-apotheke.at\/katalog\/produkt\/dr-kottas-abwehrkraeftetee-20-stk\/","title":{"rendered":"Dr. Kottas Abwehrkr\u00e4ftetee 20 Stk."},"content":{"rendered":"<p>Dr. Kottas Abwehrkr\u00e4ftetee mit Zistrose, Echinacea und Taigawurzel wirkt antioxidativ und st\u00e4rkt das Immunsystem auf nat\u00fcrliche Weise. Sein Genuss f\u00fchrt Sie um die Welt: Tee aus Zistrose wird im Mittelmeerraum gesch\u00e4tzt. Echinacea stammt aus Nordamerika und ihre positiven Eigenschaften waren schon den Indianern bekannt. Die Taigawurzel wird in Sibirien traditionell zur St\u00e4rkung verwendet. DR. KOTTAS Abwehrkr\u00e4ftetee enth\u00e4lt zudem wertvolle Vitamine, etwa Vitamin B2, Niacin f\u00fcr intakte Schleimh\u00e4ute, Vitamin C und Vitamin B12.<\/p>\n","protected":false},"excerpt":{"rendered":"<p>Dr. Kottas Abwehrkr\u00e4ftetee mit Zistrose, Echinacea und Taigawurzel wirkt antioxidativ und st\u00e4rkt das Immunsystem auf nat\u00fcrliche Weise. Sein Genuss f\u00fchrt Sie um die Welt: Tee aus Zistrose wird im Mittelmeerraum gesch\u00e4tzt. Echinacea stammt aus Nordamerika und ihre positiven Eigenschaften waren schon den Indianern bekannt. Die Taigawurzel wird in Sibirien traditionell zur St\u00e4rkung verwendet. DR. KOTTAS [&hellip;]<\/p>\n","protected":false},"featured_media":49341,"template":"","meta":{"_acf_changed":false},"product_brand":[340],"product_cat":[792],"product_tag":[],"class_list":{"0":"post-49339","1":"product","2":"type-product","3":"status-publish","4":"has-post-thumbnail","6":"product_brand-dr-kottas","7":"product_cat-d","8":"pa_packungsgroesse-20-beutel","10":"first","11":"instock","12":"shipping-taxable","13":"purchasable","14":"product-type-simple"},"acf":[],"_links":{"self":[{"href":"https:\/\/www.ernstbrunn-apotheke.at\/katalog\/wp-json\/wp\/v2\/product\/49339","targetHints":{"allow":["GET"]}}],"collection":[{"href":"https:\/\/www.ernstbrunn-apotheke.at\/katalog\/wp-json\/wp\/v2\/product"}],"about":[{"href":"https:\/\/www.ernstbrunn-apotheke.at\/katalog\/wp-json\/wp\/v2\/types\/product"}],"wp:featuredmedia":[{"embeddable":true,"href":"https:\/\/www.ernstbrunn-apotheke.at\/katalog\/wp-json\/wp\/v2\/media\/49341"}],"wp:attachment":[{"href":"https:\/\/www.ernstbrunn-apotheke.at\/katalog\/wp-json\/wp\/v2\/media?parent=49339"}],"wp:term":[{"taxonomy":"product_brand","embeddable":true,"href":"https:\/\/www.ernstbrunn-apotheke.at\/katalog\/wp-json\/wp\/v2\/product_brand?post=49339"},{"taxonomy":"product_cat","embeddable":true,"href":"https:\/\/www.ernstbrunn-apotheke.at\/katalog\/wp-json\/wp\/v2\/product_cat?post=49339"},{"taxonomy":"product_tag","embeddable":true,"href":"https:\/\/www.ernstbrunn-apotheke.at\/katalog\/wp-json\/wp\/v2\/product_tag?post=49339"}],"curies":[{"name":"wp","href":"https:\/\/api.w.org\/{rel}","templated":true}]}}