{"id":49207,"date":"2025-11-10T18:18:57","date_gmt":"2025-11-10T17:18:57","guid":{"rendered":"https:\/\/www.ernstbrunn-apotheke.at\/katalog\/produkt\/apofit-pu-erh-tee-300-g\/"},"modified":"2025-12-08T16:38:54","modified_gmt":"2025-12-08T15:38:54","slug":"apofit-pu-erh-tee-300-g","status":"publish","type":"product","link":"https:\/\/www.ernstbrunn-apotheke.at\/katalog\/produkt\/apofit-pu-erh-tee-300-g\/","title":{"rendered":"Apofit Pu-erh Tee 300 g"},"content":{"rendered":"<p>Apofit Pu-erh Tee verf\u00fcgt \u00fcber alle bekannten Inhaltsstoffe der Teepflanze Camellia sinensis. Der Tee regt den Stoffwechsel an und st\u00e4rkt dar\u00fcber hinaus das Immunsystem. Zudem senkt er die Harns\u00e4urewerte und den Cholesterinspiegel.<\/p>\n","protected":false},"excerpt":{"rendered":"<p>Apofit Pu-erh Tee verf\u00fcgt \u00fcber alle bekannten Inhaltsstoffe der Teepflanze Camellia sinensis. Der Tee regt den Stoffwechsel an und st\u00e4rkt dar\u00fcber hinaus das Immunsystem. Zudem senkt er die Harns\u00e4urewerte und den Cholesterinspiegel.<\/p>\n","protected":false},"featured_media":49209,"template":"","meta":{"_acf_changed":false},"product_brand":[584],"product_cat":[801],"product_tag":[],"class_list":{"0":"post-49207","1":"product","2":"type-product","3":"status-publish","4":"has-post-thumbnail","6":"product_brand-apofit","7":"product_cat-a","8":"pa_packungsgroesse-300g","10":"first","11":"instock","12":"shipping-taxable","13":"purchasable","14":"product-type-simple"},"acf":[],"_links":{"self":[{"href":"https:\/\/www.ernstbrunn-apotheke.at\/katalog\/wp-json\/wp\/v2\/product\/49207","targetHints":{"allow":["GET"]}}],"collection":[{"href":"https:\/\/www.ernstbrunn-apotheke.at\/katalog\/wp-json\/wp\/v2\/product"}],"about":[{"href":"https:\/\/www.ernstbrunn-apotheke.at\/katalog\/wp-json\/wp\/v2\/types\/product"}],"wp:featuredmedia":[{"embeddable":true,"href":"https:\/\/www.ernstbrunn-apotheke.at\/katalog\/wp-json\/wp\/v2\/media\/49209"}],"wp:attachment":[{"href":"https:\/\/www.ernstbrunn-apotheke.at\/katalog\/wp-json\/wp\/v2\/media?parent=49207"}],"wp:term":[{"taxonomy":"product_brand","embeddable":true,"href":"https:\/\/www.ernstbrunn-apotheke.at\/katalog\/wp-json\/wp\/v2\/product_brand?post=49207"},{"taxonomy":"product_cat","embeddable":true,"href":"https:\/\/www.ernstbrunn-apotheke.at\/katalog\/wp-json\/wp\/v2\/product_cat?post=49207"},{"taxonomy":"product_tag","embeddable":true,"href":"https:\/\/www.ernstbrunn-apotheke.at\/katalog\/wp-json\/wp\/v2\/product_tag?post=49207"}],"curies":[{"name":"wp","href":"https:\/\/api.w.org\/{rel}","templated":true}]}}