{"id":49163,"date":"2025-11-10T18:18:32","date_gmt":"2025-11-10T17:18:32","guid":{"rendered":"https:\/\/www.ernstbrunn-apotheke.at\/katalog\/produkt\/neuners-haustee-250-g\/"},"modified":"2025-12-08T16:38:35","modified_gmt":"2025-12-08T15:38:35","slug":"neuners-haustee-250-g","status":"publish","type":"product","link":"https:\/\/www.ernstbrunn-apotheke.at\/katalog\/produkt\/neuners-haustee-250-g\/","title":{"rendered":"Neuner&#8217;s Haustee 250 g"},"content":{"rendered":"<p>Einer der beliebtesten Fr\u00fcchte-Kr\u00e4uterteemischungen aus dem Hause Neuner\u2019s ist gleichzeitig auch die Altbew\u00e4hrteste. Ausschlie\u00dflich aus natur belassenen, hochwertigen Kr\u00e4utern und Fr\u00fcchten hergestellt ist Neuner\u2019s Haustee ein bek\u00f6mmlicher Genuss f\u00fcr die ganze Familie. Unser Tipp: Kalt oder als Eistee ist er ein herrlicher Durstl\u00f6scher &#8211; profitieren Sie von hohen Rabatten und dem gro\u00dfen Sortiment einer Standortapotheke!<\/p>\n","protected":false},"excerpt":{"rendered":"<p>Einer der beliebtesten Fr\u00fcchte-Kr\u00e4uterteemischungen aus dem Hause Neuner\u2019s ist gleichzeitig auch die Altbew\u00e4hrteste. Ausschlie\u00dflich aus natur belassenen, hochwertigen Kr\u00e4utern und Fr\u00fcchten hergestellt ist Neuner\u2019s Haustee ein bek\u00f6mmlicher Genuss f\u00fcr die ganze Familie. Unser Tipp: Kalt oder als Eistee ist er ein herrlicher Durstl\u00f6scher &#8211; profitieren Sie von hohen Rabatten und dem gro\u00dfen Sortiment einer Standortapotheke!<\/p>\n","protected":false},"featured_media":49165,"template":"","meta":{"_acf_changed":false},"product_brand":[1004],"product_cat":[797],"product_tag":[],"class_list":{"0":"post-49163","1":"product","2":"type-product","3":"status-publish","4":"has-post-thumbnail","6":"product_brand-neuner","7":"product_cat-n","8":"pa_packungsgroesse-250g","10":"first","11":"instock","12":"shipping-taxable","13":"purchasable","14":"product-type-simple"},"acf":[],"_links":{"self":[{"href":"https:\/\/www.ernstbrunn-apotheke.at\/katalog\/wp-json\/wp\/v2\/product\/49163","targetHints":{"allow":["GET"]}}],"collection":[{"href":"https:\/\/www.ernstbrunn-apotheke.at\/katalog\/wp-json\/wp\/v2\/product"}],"about":[{"href":"https:\/\/www.ernstbrunn-apotheke.at\/katalog\/wp-json\/wp\/v2\/types\/product"}],"wp:featuredmedia":[{"embeddable":true,"href":"https:\/\/www.ernstbrunn-apotheke.at\/katalog\/wp-json\/wp\/v2\/media\/49165"}],"wp:attachment":[{"href":"https:\/\/www.ernstbrunn-apotheke.at\/katalog\/wp-json\/wp\/v2\/media?parent=49163"}],"wp:term":[{"taxonomy":"product_brand","embeddable":true,"href":"https:\/\/www.ernstbrunn-apotheke.at\/katalog\/wp-json\/wp\/v2\/product_brand?post=49163"},{"taxonomy":"product_cat","embeddable":true,"href":"https:\/\/www.ernstbrunn-apotheke.at\/katalog\/wp-json\/wp\/v2\/product_cat?post=49163"},{"taxonomy":"product_tag","embeddable":true,"href":"https:\/\/www.ernstbrunn-apotheke.at\/katalog\/wp-json\/wp\/v2\/product_tag?post=49163"}],"curies":[{"name":"wp","href":"https:\/\/api.w.org\/{rel}","templated":true}]}}