{"id":49130,"date":"2025-11-10T18:17:47","date_gmt":"2025-11-10T17:17:47","guid":{"rendered":"https:\/\/www.ernstbrunn-apotheke.at\/katalog\/produkt\/st-severin-abfuehrtee-70-g\/"},"modified":"2025-12-08T16:38:23","modified_gmt":"2025-12-08T15:38:23","slug":"st-severin-abfuehrtee-70-g","status":"publish","type":"product","link":"https:\/\/www.ernstbrunn-apotheke.at\/katalog\/produkt\/st-severin-abfuehrtee-70-g\/","title":{"rendered":"St. Severin Abf\u00fchrtee 70 g"},"content":{"rendered":"<p>St. Severin Abf\u00fchrtee enth\u00e4lt Sennesfr\u00fcchte, Pfefferminzkraut und Schafgarbenkraut. Die Wirkstoffe werden im Dickdarm aktiviert und f\u00fchren durch Erweichung und Volumenvergr\u00f6\u00dferung des Stuhls zur Anregung der Darmt\u00e4tigkeit. Der Tee ist geeignet bei chronischer Verstopfung sowie Darmtr\u00e4gheit und deren Begleiterscheinungen<\/p>\n","protected":false},"excerpt":{"rendered":"<p>St. Severin Abf\u00fchrtee enth\u00e4lt Sennesfr\u00fcchte, Pfefferminzkraut und Schafgarbenkraut. Die Wirkstoffe werden im Dickdarm aktiviert und f\u00fchren durch Erweichung und Volumenvergr\u00f6\u00dferung des Stuhls zur Anregung der Darmt\u00e4tigkeit. Der Tee ist geeignet bei chronischer Verstopfung sowie Darmtr\u00e4gheit und deren Begleiterscheinungen<\/p>\n","protected":false},"featured_media":49132,"template":"","meta":{"_acf_changed":false},"product_brand":[435],"product_cat":[791],"product_tag":[],"class_list":{"0":"post-49130","1":"product","2":"type-product","3":"status-publish","4":"has-post-thumbnail","6":"product_brand-st-severin","7":"product_cat-s","8":"pa_packungsgroesse-70g","10":"first","11":"instock","12":"shipping-taxable","13":"purchasable","14":"product-type-simple"},"acf":[],"_links":{"self":[{"href":"https:\/\/www.ernstbrunn-apotheke.at\/katalog\/wp-json\/wp\/v2\/product\/49130","targetHints":{"allow":["GET"]}}],"collection":[{"href":"https:\/\/www.ernstbrunn-apotheke.at\/katalog\/wp-json\/wp\/v2\/product"}],"about":[{"href":"https:\/\/www.ernstbrunn-apotheke.at\/katalog\/wp-json\/wp\/v2\/types\/product"}],"wp:featuredmedia":[{"embeddable":true,"href":"https:\/\/www.ernstbrunn-apotheke.at\/katalog\/wp-json\/wp\/v2\/media\/49132"}],"wp:attachment":[{"href":"https:\/\/www.ernstbrunn-apotheke.at\/katalog\/wp-json\/wp\/v2\/media?parent=49130"}],"wp:term":[{"taxonomy":"product_brand","embeddable":true,"href":"https:\/\/www.ernstbrunn-apotheke.at\/katalog\/wp-json\/wp\/v2\/product_brand?post=49130"},{"taxonomy":"product_cat","embeddable":true,"href":"https:\/\/www.ernstbrunn-apotheke.at\/katalog\/wp-json\/wp\/v2\/product_cat?post=49130"},{"taxonomy":"product_tag","embeddable":true,"href":"https:\/\/www.ernstbrunn-apotheke.at\/katalog\/wp-json\/wp\/v2\/product_tag?post=49130"}],"curies":[{"name":"wp","href":"https:\/\/api.w.org\/{rel}","templated":true}]}}