{"id":49110,"date":"2025-11-10T18:17:23","date_gmt":"2025-11-10T17:17:23","guid":{"rendered":"https:\/\/www.ernstbrunn-apotheke.at\/katalog\/produkt\/apofit-rotbusch-tee-beutel-25-stk\/"},"modified":"2025-12-08T16:38:20","modified_gmt":"2025-12-08T15:38:20","slug":"apofit-rotbusch-tee-beutel-25-stk","status":"publish","type":"product","link":"https:\/\/www.ernstbrunn-apotheke.at\/katalog\/produkt\/apofit-rotbusch-tee-beutel-25-stk\/","title":{"rendered":"Apofit Rotbusch Tee Beutel 25 Stk"},"content":{"rendered":"<p>Apofit Rotbusch Tee Beutel wirkt beruhigend auf die Nerven und ausgleichend bei Stress. Rotbuschtee ist gut f\u00fcr kleine Kinder und Babys vertr\u00e4glich und kann, vermischt mit Milch, die bekannten Dreimonatskoliken lindern und f\u00fcr erholsamen Schlaf sorgen. Au\u00dferdem lindert er Beschwerden wie Durchfall und Windelausschlag.<\/p>\n","protected":false},"excerpt":{"rendered":"<p>Apofit Rotbusch Tee Beutel wirkt beruhigend auf die Nerven und ausgleichend bei Stress. Rotbuschtee ist gut f\u00fcr kleine Kinder und Babys vertr\u00e4glich und kann, vermischt mit Milch, die bekannten Dreimonatskoliken lindern und f\u00fcr erholsamen Schlaf sorgen. Au\u00dferdem lindert er Beschwerden wie Durchfall und Windelausschlag.<\/p>\n","protected":false},"featured_media":49112,"template":"","meta":{"_acf_changed":false},"product_brand":[584],"product_cat":[801],"product_tag":[],"class_list":{"0":"post-49110","1":"product","2":"type-product","3":"status-publish","4":"has-post-thumbnail","6":"product_brand-apofit","7":"product_cat-a","8":"pa_packungsgroesse-25-beutel","10":"first","11":"instock","12":"shipping-taxable","13":"purchasable","14":"product-type-simple"},"acf":[],"_links":{"self":[{"href":"https:\/\/www.ernstbrunn-apotheke.at\/katalog\/wp-json\/wp\/v2\/product\/49110","targetHints":{"allow":["GET"]}}],"collection":[{"href":"https:\/\/www.ernstbrunn-apotheke.at\/katalog\/wp-json\/wp\/v2\/product"}],"about":[{"href":"https:\/\/www.ernstbrunn-apotheke.at\/katalog\/wp-json\/wp\/v2\/types\/product"}],"wp:featuredmedia":[{"embeddable":true,"href":"https:\/\/www.ernstbrunn-apotheke.at\/katalog\/wp-json\/wp\/v2\/media\/49112"}],"wp:attachment":[{"href":"https:\/\/www.ernstbrunn-apotheke.at\/katalog\/wp-json\/wp\/v2\/media?parent=49110"}],"wp:term":[{"taxonomy":"product_brand","embeddable":true,"href":"https:\/\/www.ernstbrunn-apotheke.at\/katalog\/wp-json\/wp\/v2\/product_brand?post=49110"},{"taxonomy":"product_cat","embeddable":true,"href":"https:\/\/www.ernstbrunn-apotheke.at\/katalog\/wp-json\/wp\/v2\/product_cat?post=49110"},{"taxonomy":"product_tag","embeddable":true,"href":"https:\/\/www.ernstbrunn-apotheke.at\/katalog\/wp-json\/wp\/v2\/product_tag?post=49110"}],"curies":[{"name":"wp","href":"https:\/\/api.w.org\/{rel}","templated":true}]}}