{"id":49065,"date":"2025-11-10T18:16:40","date_gmt":"2025-11-10T17:16:40","guid":{"rendered":"https:\/\/www.ernstbrunn-apotheke.at\/katalog\/produkt\/jiaogulan-tee-50-g\/"},"modified":"2025-12-08T16:38:05","modified_gmt":"2025-12-08T15:38:05","slug":"jiaogulan-tee-50-g","status":"publish","type":"product","link":"https:\/\/www.ernstbrunn-apotheke.at\/katalog\/produkt\/jiaogulan-tee-50-g\/","title":{"rendered":"Jiaogulan Tee 50 g"},"content":{"rendered":"<p>Jiaogulan Tee ist ein gehaltvoller, kr\u00e4ftiger Tee mit einem herb-s\u00fc\u00dfen Geschmack, der wie Ginseng die K\u00f6rperenergien ins Gleichgewicht bringt und das allgemeine Wohlbefinden verbessert. Da er sehr ergiebig ist, gen\u00fcgt auf einen halben Liter Wasser ein Teebeutel, bzw. ein Teel\u00f6ffel loser Jiaogulan-Tee.<\/p>\n","protected":false},"excerpt":{"rendered":"<p>Jiaogulan Tee ist ein gehaltvoller, kr\u00e4ftiger Tee mit einem herb-s\u00fc\u00dfen Geschmack, der wie Ginseng die K\u00f6rperenergien ins Gleichgewicht bringt und das allgemeine Wohlbefinden verbessert. Da er sehr ergiebig ist, gen\u00fcgt auf einen halben Liter Wasser ein Teebeutel, bzw. ein Teel\u00f6ffel loser Jiaogulan-Tee.<\/p>\n","protected":false},"featured_media":49067,"template":"","meta":{"_acf_changed":false},"product_brand":[],"product_cat":[947],"product_tag":[],"class_list":{"0":"post-49065","1":"product","2":"type-product","3":"status-publish","4":"has-post-thumbnail","6":"product_cat-j","7":"pa_packungsgroesse-50g","9":"first","10":"instock","11":"shipping-taxable","12":"purchasable","13":"product-type-simple"},"acf":[],"_links":{"self":[{"href":"https:\/\/www.ernstbrunn-apotheke.at\/katalog\/wp-json\/wp\/v2\/product\/49065","targetHints":{"allow":["GET"]}}],"collection":[{"href":"https:\/\/www.ernstbrunn-apotheke.at\/katalog\/wp-json\/wp\/v2\/product"}],"about":[{"href":"https:\/\/www.ernstbrunn-apotheke.at\/katalog\/wp-json\/wp\/v2\/types\/product"}],"wp:featuredmedia":[{"embeddable":true,"href":"https:\/\/www.ernstbrunn-apotheke.at\/katalog\/wp-json\/wp\/v2\/media\/49067"}],"wp:attachment":[{"href":"https:\/\/www.ernstbrunn-apotheke.at\/katalog\/wp-json\/wp\/v2\/media?parent=49065"}],"wp:term":[{"taxonomy":"product_brand","embeddable":true,"href":"https:\/\/www.ernstbrunn-apotheke.at\/katalog\/wp-json\/wp\/v2\/product_brand?post=49065"},{"taxonomy":"product_cat","embeddable":true,"href":"https:\/\/www.ernstbrunn-apotheke.at\/katalog\/wp-json\/wp\/v2\/product_cat?post=49065"},{"taxonomy":"product_tag","embeddable":true,"href":"https:\/\/www.ernstbrunn-apotheke.at\/katalog\/wp-json\/wp\/v2\/product_tag?post=49065"}],"curies":[{"name":"wp","href":"https:\/\/api.w.org\/{rel}","templated":true}]}}