{"id":49044,"date":"2025-11-10T18:15:40","date_gmt":"2025-11-10T17:15:40","guid":{"rendered":"https:\/\/www.ernstbrunn-apotheke.at\/katalog\/produkt\/adler-pharma-stoffwechsel-tee-beutel-20-stk\/"},"modified":"2025-12-08T16:37:59","modified_gmt":"2025-12-08T15:37:59","slug":"adler-pharma-stoffwechsel-tee-beutel-20-stk","status":"publish","type":"product","link":"https:\/\/www.ernstbrunn-apotheke.at\/katalog\/produkt\/adler-pharma-stoffwechsel-tee-beutel-20-stk\/","title":{"rendered":"Adler Pharma Stoffwechsel Tee Beutel 20 Stk."},"content":{"rendered":"<p>Der Stoffwechseltee Adler Pharma ist eine Kr\u00e4uterteemischung, welche die positiven Eigenschaften der Kr\u00e4uter vereint. Der Tee regt den Stoffwechsel und die Verdauung an, unterst\u00fctzt die T\u00e4tigkeit der Leber und steigert die Harnausscheidung. Der Stoffwechseltee Adler Pharma wird aus Kr\u00e4utern mit bekannter Stoffwechsel anregender Wirkung hergestellt. In Kombination mit ausreichender Fl\u00fcssigkeitszufuhr ist der Stoffwechseltee Adler Pharma als unterst\u00fctzende Ma\u00dfnahme zum Abnehmen f\u00fcr einen gesunden Stoffwechsel bestens geeignet. Dieser Tee sollte besonders d\u00fcnn angesetzt werden, dann ist er wohlschmeckend und entfaltet die entlastende Wirkung.Wirkung:Die Schafgarbe wirkt verdauungsf\u00f6rdernd und steigert die Magensaftproduktion. Die B\u00e4rentraubenbl\u00e4tter und das Bruchkraut unterst\u00fctzen die T\u00e4tigkeit der Nieren. Die Brennnessel ist eine hervorragende Stoffwechselpflanze und zur Entw\u00e4sserung bestens geeignet. Sie wirkt zudem harntreibend sowie anregend auf die Leber und unterst\u00fctzt eine ausgewogene S\u00e4ure-Basenbalance. Die Bitterstoffe des L\u00f6wenzahns f\u00f6rdern die Funktionen der Verdauungsdr\u00fcsen und den Gallenabfluss und sind dadurch Stoffwechsel anregend..<\/p>\n","protected":false},"excerpt":{"rendered":"<p>Der Stoffwechseltee Adler Pharma ist eine Kr\u00e4uterteemischung, welche die positiven Eigenschaften der Kr\u00e4uter vereint. Der Tee regt den Stoffwechsel und die Verdauung an, unterst\u00fctzt die T\u00e4tigkeit der Leber und steigert die Harnausscheidung. Der Stoffwechseltee Adler Pharma wird aus Kr\u00e4utern mit bekannter Stoffwechsel anregender Wirkung hergestellt. In Kombination mit ausreichender Fl\u00fcssigkeitszufuhr ist der Stoffwechseltee Adler Pharma [&hellip;]<\/p>\n","protected":false},"featured_media":49046,"template":"","meta":{"_acf_changed":false},"product_brand":[928],"product_cat":[801],"product_tag":[],"class_list":{"0":"post-49044","1":"product","2":"type-product","3":"status-publish","4":"has-post-thumbnail","6":"product_brand-adler-pharma","7":"product_cat-a","8":"pa_farbe-gruen-braun","9":"pa_geschmack-leicht-bitter","10":"pa_packungsgroesse-20-beutel","12":"first","13":"instock","14":"shipping-taxable","15":"purchasable","16":"product-type-simple"},"acf":[],"_links":{"self":[{"href":"https:\/\/www.ernstbrunn-apotheke.at\/katalog\/wp-json\/wp\/v2\/product\/49044","targetHints":{"allow":["GET"]}}],"collection":[{"href":"https:\/\/www.ernstbrunn-apotheke.at\/katalog\/wp-json\/wp\/v2\/product"}],"about":[{"href":"https:\/\/www.ernstbrunn-apotheke.at\/katalog\/wp-json\/wp\/v2\/types\/product"}],"wp:featuredmedia":[{"embeddable":true,"href":"https:\/\/www.ernstbrunn-apotheke.at\/katalog\/wp-json\/wp\/v2\/media\/49046"}],"wp:attachment":[{"href":"https:\/\/www.ernstbrunn-apotheke.at\/katalog\/wp-json\/wp\/v2\/media?parent=49044"}],"wp:term":[{"taxonomy":"product_brand","embeddable":true,"href":"https:\/\/www.ernstbrunn-apotheke.at\/katalog\/wp-json\/wp\/v2\/product_brand?post=49044"},{"taxonomy":"product_cat","embeddable":true,"href":"https:\/\/www.ernstbrunn-apotheke.at\/katalog\/wp-json\/wp\/v2\/product_cat?post=49044"},{"taxonomy":"product_tag","embeddable":true,"href":"https:\/\/www.ernstbrunn-apotheke.at\/katalog\/wp-json\/wp\/v2\/product_tag?post=49044"}],"curies":[{"name":"wp","href":"https:\/\/api.w.org\/{rel}","templated":true}]}}