{"id":49009,"date":"2025-11-10T18:15:40","date_gmt":"2025-11-10T17:15:40","guid":{"rendered":"https:\/\/www.ernstbrunn-apotheke.at\/katalog\/produkt\/heumanns-blasen-und-nierentee-solubitrat-30-g\/"},"modified":"2025-12-08T16:37:54","modified_gmt":"2025-12-08T15:37:54","slug":"heumanns-blasen-und-nierentee-solubitrat-30-g","status":"publish","type":"product","link":"https:\/\/www.ernstbrunn-apotheke.at\/katalog\/produkt\/heumanns-blasen-und-nierentee-solubitrat-30-g\/","title":{"rendered":"Heumanns Blasen- und Nierentee Solubitrat 30 g"},"content":{"rendered":"<p>Heumann&#8217;s Blasen- und Nierentee Solubitrat ist ein pflanzliches Arzneimittel zur Durchsp\u00fclung bei krampfartigen und entz\u00fcndlichen Erkrankungen der Harnwege, bei Nierengrie\u00df, zur Vor- und Nachsorgebehandlung bei Harnsteinen. Dieses Arzneimittel wird angewendet bei Erwachsen und Jugendlichen ab 12 Jahren.<\/p>\n","protected":false},"excerpt":{"rendered":"<p>Heumann&#8217;s Blasen- und Nierentee Solubitrat ist ein pflanzliches Arzneimittel zur Durchsp\u00fclung bei krampfartigen und entz\u00fcndlichen Erkrankungen der Harnwege, bei Nierengrie\u00df, zur Vor- und Nachsorgebehandlung bei Harnsteinen. Dieses Arzneimittel wird angewendet bei Erwachsen und Jugendlichen ab 12 Jahren.<\/p>\n","protected":false},"featured_media":49011,"template":"","meta":{"_acf_changed":false},"product_brand":[],"product_cat":[805],"product_tag":[],"class_list":{"0":"post-49009","1":"product","2":"type-product","3":"status-publish","4":"has-post-thumbnail","6":"product_cat-h","7":"pa_farbe-hellbraun","8":"pa_geschmack-fenchel","9":"pa_packungsgroesse-30g","11":"first","12":"instock","13":"shipping-taxable","14":"purchasable","15":"product-type-simple"},"acf":[],"_links":{"self":[{"href":"https:\/\/www.ernstbrunn-apotheke.at\/katalog\/wp-json\/wp\/v2\/product\/49009","targetHints":{"allow":["GET"]}}],"collection":[{"href":"https:\/\/www.ernstbrunn-apotheke.at\/katalog\/wp-json\/wp\/v2\/product"}],"about":[{"href":"https:\/\/www.ernstbrunn-apotheke.at\/katalog\/wp-json\/wp\/v2\/types\/product"}],"wp:featuredmedia":[{"embeddable":true,"href":"https:\/\/www.ernstbrunn-apotheke.at\/katalog\/wp-json\/wp\/v2\/media\/49011"}],"wp:attachment":[{"href":"https:\/\/www.ernstbrunn-apotheke.at\/katalog\/wp-json\/wp\/v2\/media?parent=49009"}],"wp:term":[{"taxonomy":"product_brand","embeddable":true,"href":"https:\/\/www.ernstbrunn-apotheke.at\/katalog\/wp-json\/wp\/v2\/product_brand?post=49009"},{"taxonomy":"product_cat","embeddable":true,"href":"https:\/\/www.ernstbrunn-apotheke.at\/katalog\/wp-json\/wp\/v2\/product_cat?post=49009"},{"taxonomy":"product_tag","embeddable":true,"href":"https:\/\/www.ernstbrunn-apotheke.at\/katalog\/wp-json\/wp\/v2\/product_tag?post=49009"}],"curies":[{"name":"wp","href":"https:\/\/api.w.org\/{rel}","templated":true}]}}