{"id":48996,"date":"2025-11-10T18:15:24","date_gmt":"2025-11-10T17:15:24","guid":{"rendered":"https:\/\/www.ernstbrunn-apotheke.at\/katalog\/produkt\/tiroler-nussoel-sonnenoel-spray-wasserfest-lsf-6-150-ml\/"},"modified":"2025-12-08T16:37:48","modified_gmt":"2025-12-08T15:37:48","slug":"tiroler-nussoel-sonnenoel-spray-wasserfest-lsf-6-150-ml","status":"publish","type":"product","link":"https:\/\/www.ernstbrunn-apotheke.at\/katalog\/produkt\/tiroler-nussoel-sonnenoel-spray-wasserfest-lsf-6-150-ml\/","title":{"rendered":"Tiroler Nuss\u00f6l Sonnen\u00f6l Spray wasserfest LSF 6 150 ml"},"content":{"rendered":"<p>Tiroler Nuss\u00f6l Sonnen\u00f6l Spray wasserfest LSF 6 ist ein pflegendes Sonnen\u00f6l mit Lichtschutzfaktor 6. Das \u00d6l verw\u00f6hnt die Haut und beugt vorzeitiger, lichtbedingter Hautalterung vor.<\/p>\n","protected":false},"excerpt":{"rendered":"<p>Tiroler Nuss\u00f6l Sonnen\u00f6l Spray wasserfest LSF 6 ist ein pflegendes Sonnen\u00f6l mit Lichtschutzfaktor 6. Das \u00d6l verw\u00f6hnt die Haut und beugt vorzeitiger, lichtbedingter Hautalterung vor.<\/p>\n","protected":false},"featured_media":48998,"template":"","meta":{"_acf_changed":false},"product_brand":[],"product_cat":[798],"product_tag":[],"class_list":{"0":"post-48996","1":"product","2":"type-product","3":"status-publish","4":"has-post-thumbnail","6":"product_cat-t","7":"pa_packungsgroesse-150ml","9":"first","10":"instock","11":"shipping-taxable","12":"purchasable","13":"product-type-simple"},"acf":[],"_links":{"self":[{"href":"https:\/\/www.ernstbrunn-apotheke.at\/katalog\/wp-json\/wp\/v2\/product\/48996","targetHints":{"allow":["GET"]}}],"collection":[{"href":"https:\/\/www.ernstbrunn-apotheke.at\/katalog\/wp-json\/wp\/v2\/product"}],"about":[{"href":"https:\/\/www.ernstbrunn-apotheke.at\/katalog\/wp-json\/wp\/v2\/types\/product"}],"wp:featuredmedia":[{"embeddable":true,"href":"https:\/\/www.ernstbrunn-apotheke.at\/katalog\/wp-json\/wp\/v2\/media\/48998"}],"wp:attachment":[{"href":"https:\/\/www.ernstbrunn-apotheke.at\/katalog\/wp-json\/wp\/v2\/media?parent=48996"}],"wp:term":[{"taxonomy":"product_brand","embeddable":true,"href":"https:\/\/www.ernstbrunn-apotheke.at\/katalog\/wp-json\/wp\/v2\/product_brand?post=48996"},{"taxonomy":"product_cat","embeddable":true,"href":"https:\/\/www.ernstbrunn-apotheke.at\/katalog\/wp-json\/wp\/v2\/product_cat?post=48996"},{"taxonomy":"product_tag","embeddable":true,"href":"https:\/\/www.ernstbrunn-apotheke.at\/katalog\/wp-json\/wp\/v2\/product_tag?post=48996"}],"curies":[{"name":"wp","href":"https:\/\/api.w.org\/{rel}","templated":true}]}}