{"id":48992,"date":"2025-11-10T18:15:24","date_gmt":"2025-11-10T17:15:24","guid":{"rendered":"https:\/\/www.ernstbrunn-apotheke.at\/katalog\/produkt\/tiroler-nussoel-sonnenmilch-150-ml-lsf-30\/"},"modified":"2025-12-08T16:37:47","modified_gmt":"2025-12-08T15:37:47","slug":"tiroler-nussoel-sonnenmilch-150-ml-lsf-30","status":"publish","type":"product","link":"https:\/\/www.ernstbrunn-apotheke.at\/katalog\/produkt\/tiroler-nussoel-sonnenmilch-150-ml-lsf-30\/","title":{"rendered":"Tiroler Nuss\u00f6l Sonnenmilch 150 ml LSF 30"},"content":{"rendered":"<p>Tiroler Nuss\u00f6l Sonnenmilch bietet vollkommenen Schutz und langanhaltende Br\u00e4une. Die Sonnenmilch pflegt und sch\u00fctzt die Haut von der ersten Sekunde an. F\u00fcr eine attraktive, lang anhaltende Br\u00e4une.<\/p>\n","protected":false},"excerpt":{"rendered":"<p>Tiroler Nuss\u00f6l Sonnenmilch bietet vollkommenen Schutz und langanhaltende Br\u00e4une. Die Sonnenmilch pflegt und sch\u00fctzt die Haut von der ersten Sekunde an. F\u00fcr eine attraktive, lang anhaltende Br\u00e4une.<\/p>\n","protected":false},"featured_media":48994,"template":"","meta":{"_acf_changed":false},"product_brand":[],"product_cat":[798],"product_tag":[],"class_list":{"0":"post-48992","1":"product","2":"type-product","3":"status-publish","4":"has-post-thumbnail","6":"product_cat-t","7":"pa_packungsgroesse-150ml","9":"first","10":"instock","11":"shipping-taxable","12":"purchasable","13":"product-type-simple"},"acf":[],"_links":{"self":[{"href":"https:\/\/www.ernstbrunn-apotheke.at\/katalog\/wp-json\/wp\/v2\/product\/48992","targetHints":{"allow":["GET"]}}],"collection":[{"href":"https:\/\/www.ernstbrunn-apotheke.at\/katalog\/wp-json\/wp\/v2\/product"}],"about":[{"href":"https:\/\/www.ernstbrunn-apotheke.at\/katalog\/wp-json\/wp\/v2\/types\/product"}],"wp:featuredmedia":[{"embeddable":true,"href":"https:\/\/www.ernstbrunn-apotheke.at\/katalog\/wp-json\/wp\/v2\/media\/48994"}],"wp:attachment":[{"href":"https:\/\/www.ernstbrunn-apotheke.at\/katalog\/wp-json\/wp\/v2\/media?parent=48992"}],"wp:term":[{"taxonomy":"product_brand","embeddable":true,"href":"https:\/\/www.ernstbrunn-apotheke.at\/katalog\/wp-json\/wp\/v2\/product_brand?post=48992"},{"taxonomy":"product_cat","embeddable":true,"href":"https:\/\/www.ernstbrunn-apotheke.at\/katalog\/wp-json\/wp\/v2\/product_cat?post=48992"},{"taxonomy":"product_tag","embeddable":true,"href":"https:\/\/www.ernstbrunn-apotheke.at\/katalog\/wp-json\/wp\/v2\/product_tag?post=48992"}],"curies":[{"name":"wp","href":"https:\/\/api.w.org\/{rel}","templated":true}]}}