{"id":48971,"date":"2025-11-10T18:15:01","date_gmt":"2025-11-10T17:15:01","guid":{"rendered":"https:\/\/www.ernstbrunn-apotheke.at\/katalog\/produkt\/tiroler-nussoel-sonnenoel-wasserfest-75-ml-lsf-6\/"},"modified":"2025-12-08T16:37:42","modified_gmt":"2025-12-08T15:37:42","slug":"tiroler-nussoel-sonnenoel-wasserfest-75-ml-lsf-6","status":"publish","type":"product","link":"https:\/\/www.ernstbrunn-apotheke.at\/katalog\/produkt\/tiroler-nussoel-sonnenoel-wasserfest-75-ml-lsf-6\/","title":{"rendered":"Tiroler Nuss\u00f6l Sonnen\u00f6l wasserfest 75 ml LSF 6"},"content":{"rendered":"<p>Tiroler Nuss\u00f6l Sonnen\u00f6l wasserfest 75 ml LSF 6 verw\u00f6hnt die Haut und beugt vorzeitiger, lichtbedingter Hautalterung vor.<\/p>\n","protected":false},"excerpt":{"rendered":"<p>Tiroler Nuss\u00f6l Sonnen\u00f6l wasserfest 75 ml LSF 6 verw\u00f6hnt die Haut und beugt vorzeitiger, lichtbedingter Hautalterung vor.<\/p>\n","protected":false},"featured_media":48973,"template":"","meta":{"_acf_changed":false},"product_brand":[],"product_cat":[798],"product_tag":[],"class_list":{"0":"post-48971","1":"product","2":"type-product","3":"status-publish","4":"has-post-thumbnail","6":"product_cat-t","7":"pa_packungsgroesse-75ml","9":"first","10":"instock","11":"shipping-taxable","12":"purchasable","13":"product-type-simple"},"acf":[],"_links":{"self":[{"href":"https:\/\/www.ernstbrunn-apotheke.at\/katalog\/wp-json\/wp\/v2\/product\/48971","targetHints":{"allow":["GET"]}}],"collection":[{"href":"https:\/\/www.ernstbrunn-apotheke.at\/katalog\/wp-json\/wp\/v2\/product"}],"about":[{"href":"https:\/\/www.ernstbrunn-apotheke.at\/katalog\/wp-json\/wp\/v2\/types\/product"}],"wp:featuredmedia":[{"embeddable":true,"href":"https:\/\/www.ernstbrunn-apotheke.at\/katalog\/wp-json\/wp\/v2\/media\/48973"}],"wp:attachment":[{"href":"https:\/\/www.ernstbrunn-apotheke.at\/katalog\/wp-json\/wp\/v2\/media?parent=48971"}],"wp:term":[{"taxonomy":"product_brand","embeddable":true,"href":"https:\/\/www.ernstbrunn-apotheke.at\/katalog\/wp-json\/wp\/v2\/product_brand?post=48971"},{"taxonomy":"product_cat","embeddable":true,"href":"https:\/\/www.ernstbrunn-apotheke.at\/katalog\/wp-json\/wp\/v2\/product_cat?post=48971"},{"taxonomy":"product_tag","embeddable":true,"href":"https:\/\/www.ernstbrunn-apotheke.at\/katalog\/wp-json\/wp\/v2\/product_tag?post=48971"}],"curies":[{"name":"wp","href":"https:\/\/api.w.org\/{rel}","templated":true}]}}