{"id":48922,"date":"2025-11-10T18:14:20","date_gmt":"2025-11-10T17:14:20","guid":{"rendered":"https:\/\/www.ernstbrunn-apotheke.at\/katalog\/produkt\/bioderma-photoderm-max-creme-spf-50-40-ml\/"},"modified":"2025-12-08T16:37:20","modified_gmt":"2025-12-08T15:37:20","slug":"bioderma-photoderm-max-creme-spf-50-40-ml","status":"publish","type":"product","link":"https:\/\/www.ernstbrunn-apotheke.at\/katalog\/produkt\/bioderma-photoderm-max-creme-spf-50-40-ml\/","title":{"rendered":"Bioderma Photoderm MAX Creme SPF 50+ 40 ml"},"content":{"rendered":"<p>Bioderma Photoderm MAX Creme SPF 50+ 40 ml ist ein sehr hoher UVA- und UVB-Schutz mit Infrarot-Schutz f\u00fcr sehr helle Phototypen mit trockener bis sehr trockener Haut. Zum Schutz vor Sonnenallergie. F\u00fcr Gesicht und Dekollet\u00e9. F\u00fcr Kleinkinder geeignet. Die n\u00e4hrende Textur hinterl\u00e4sst sofort ein weiches Hautgef\u00fchl. Ohne \u201eWei\u00dfel-Effekt\u201c. Ohne Duftstoffe, ohne Parabene.<\/p>\n","protected":false},"excerpt":{"rendered":"<p>Bioderma Photoderm MAX Creme SPF 50+ 40 ml ist ein sehr hoher UVA- und UVB-Schutz mit Infrarot-Schutz f\u00fcr sehr helle Phototypen mit trockener bis sehr trockener Haut. Zum Schutz vor Sonnenallergie. F\u00fcr Gesicht und Dekollet\u00e9. F\u00fcr Kleinkinder geeignet. Die n\u00e4hrende Textur hinterl\u00e4sst sofort ein weiches Hautgef\u00fchl. Ohne \u201eWei\u00dfel-Effekt\u201c. Ohne Duftstoffe, ohne Parabene.<\/p>\n","protected":false},"featured_media":0,"template":"","meta":{"_acf_changed":false},"product_brand":[657],"product_cat":[802],"product_tag":[],"class_list":{"0":"post-48922","1":"product","2":"type-product","3":"status-publish","5":"product_brand-bioderma","6":"product_cat-b","7":"pa_packungsgroesse-40ml","9":"first","10":"instock","11":"shipping-taxable","12":"purchasable","13":"product-type-simple"},"acf":[],"_links":{"self":[{"href":"https:\/\/www.ernstbrunn-apotheke.at\/katalog\/wp-json\/wp\/v2\/product\/48922","targetHints":{"allow":["GET"]}}],"collection":[{"href":"https:\/\/www.ernstbrunn-apotheke.at\/katalog\/wp-json\/wp\/v2\/product"}],"about":[{"href":"https:\/\/www.ernstbrunn-apotheke.at\/katalog\/wp-json\/wp\/v2\/types\/product"}],"wp:attachment":[{"href":"https:\/\/www.ernstbrunn-apotheke.at\/katalog\/wp-json\/wp\/v2\/media?parent=48922"}],"wp:term":[{"taxonomy":"product_brand","embeddable":true,"href":"https:\/\/www.ernstbrunn-apotheke.at\/katalog\/wp-json\/wp\/v2\/product_brand?post=48922"},{"taxonomy":"product_cat","embeddable":true,"href":"https:\/\/www.ernstbrunn-apotheke.at\/katalog\/wp-json\/wp\/v2\/product_cat?post=48922"},{"taxonomy":"product_tag","embeddable":true,"href":"https:\/\/www.ernstbrunn-apotheke.at\/katalog\/wp-json\/wp\/v2\/product_tag?post=48922"}],"curies":[{"name":"wp","href":"https:\/\/api.w.org\/{rel}","templated":true}]}}