{"id":48814,"date":"2025-11-10T18:12:22","date_gmt":"2025-11-10T17:12:22","guid":{"rendered":"https:\/\/www.ernstbrunn-apotheke.at\/katalog\/produkt\/linola-sonnen-hautmilch-lsf50-100-ml\/"},"modified":"2025-12-08T16:36:48","modified_gmt":"2025-12-08T15:36:48","slug":"linola-sonnen-hautmilch-lsf50-100-ml","status":"publish","type":"product","link":"https:\/\/www.ernstbrunn-apotheke.at\/katalog\/produkt\/linola-sonnen-hautmilch-lsf50-100-ml\/","title":{"rendered":"Linola Sonnen-Hautmilch LSF50 100 ml"},"content":{"rendered":"<p><strong>Linola Sonnen-Hautmilch bietet Sonnenschutz f\u00fcr empfindliche und neurodermitische Haut<\/strong><br \/><strong>Linola Sonnen-Hautmilch sch\u00fctzt die Haut sofort vor UV-Strahlen<\/strong><\/p>\n<p>&#13;<\/p>\n<ul>&#13;<\/p>\n<li>mit einem ausgewogenen und hochwirksamen UVA-\/UVB-Filtersystem (LSF 50)<\/li>\n<p>&#13;<\/p>\n<li>auch f\u00fcr empfindliche, trockene und zu Neurodermitis neigende Haut<\/li>\n<p>&#13;<\/p>\n<li>leicht verteilbar (\u00d6l-in-Wasser-Emulsion)<\/li>\n<p>&#13;<\/p>\n<li>ohne mineralische Pigmente<\/li>\n<p>&#13;<\/p>\n<li>zieht schnell ein und hinterl\u00e4sst keine klebrigen oder wei\u00dfen R\u00fcckst\u00e4nde<\/li>\n<p>&#13;<\/p>\n<li>auch f\u00fcr Babys und Kleinkinder geeignet<\/li>\n<p>&#13;<\/p>\n<li>ohne Farb- und Konservierungsstoffe<\/li>\n<p>&#13;\n<\/ul>\n<p>&#13;<\/p>\n<p><strong>Unsere Haut vergisst nichts!<\/strong><br \/>Sonnenschein steigert zwar bei den meisten Menschen das Wohlbefinden, doch zeigen wissenschaftliche Erkenntnisse auch immer deutlicher, welche Risiken dabei f\u00fcr unsere Haut entstehen k\u00f6nnen.<br \/>Gef\u00e4hrlich sind n\u00e4mlich die unsichtbaren und dennoch in der Haut sp\u00fcrbaren UVA- und UVB-Strahlen der Sonne. Die sehr energiereiche Ultraviolettstrahlung vermag jedoch nicht nur einen vor\u00fcbergehenden Sonnenbrand hervorzurufen, sondern auch stetig fortschreitende und erst sp\u00e4t bemerkbare Lichtsch\u00e4den im Bindegewebe der Lederhaut. All diese Prozesse k\u00f6nnen zu irreversiblen Ver\u00e4nderungen (z. B. vorzeitiger Hautalterung) und ernsthaften Gesundheitsrisiken f\u00fchren, denn unsere Haut vergisst nichts.<br \/>Trotz dieser Risiken brauchen Sie keineswegs die Sonne v\u00f6llig zu meiden, wenn Sie wichtige, aber gleichzeitig einfache Sonnenschutz-Ma\u00dfnahmen beachten:<\/p>\n<p>&#13;<\/p>\n<p>\u2022 Jeden Sonnenschutz sollten Sie gleichm\u00e4\u00dfig auf der Haut verteilen und dann von alleine einziehen lassen. Reiben Sie hingegen den Sonnenschutz v\u00f6llig in die Haut ein, verringert sich die Dicke der Schutzschicht und damit die Schutzleistung. Deshalb enth\u00e4lt Linola Sonnen-Hautmilch keinen hohen Fettanteil oder keine mineralischen Wei\u00df-Pigmente, denn nur so kann sie schnell und ohne einen klebrigen oder wei\u00dflichen R\u00fcckstand zu hinterlassen einziehen. Zudem ist bei Linola Sonnen-Hautmilch ein Sofort-Schutz gegen die UV-Strahlen bereits beim Auftragen gegeben und jede Wartezeit entf\u00e4llt.<\/p>\n<p>&#13;<\/p>\n<p>\u2022 Gehen Sie nicht sparsam mit der Crememenge um, denn sonst kann sich der Lichtschutzfaktor leicht halbieren. Pro Anwendung ben\u00f6tigt deshalb ein Erwachsener etwa 25 ml.<\/p>\n<p>&#13;<\/p>\n<p>\u2022 Wiederholen Sie das Auftragen alle 2 Stunden, denn sonst ist der Schutzfilm durch Schwitzen und Abrieb, wenn Sie z. B. auf einem Handtuch liegen, zu d\u00fcnn geworden.<\/p>\n<p>&#13;<\/p>\n<p>\u2022 Auch wasserfeste Pr\u00e4parate wie Linola Sonnen-Hautmilch m\u00fcssen nach einem l\u00e4ngeren Aufenthalt im Wasser sowie nach jedem Abtrocknen mit einem Handtuch erneut aufgetragen werden.<\/p>\n<p>&#13;<\/p>\n<p>\u2022 Babys und Kleinkinder bis zum Alter von etwa 3 Jahren sollten vor jeder direkten und l\u00e4ngeren Sonnenstrahlung gesch\u00fctzt werden, da ihre Haut viel empfindlicher reagiert. Am besten geeignet hierf\u00fcr ist das Tragen einer Kopfbedeckung sowie von Kleidung mit speziellem UV-Schutz. Gleichzeitig sollten freie Hautstellen immer durch Sonnenschutzmittel (mindestens LSF 25) gesch\u00fctzt werden.<\/p>\n<p>&#13;<\/p>\n<p>\u2022 Gerade zwischen 11 und 15 Uhr ist die UV-Intensit\u00e4t am h\u00f6chsten. Sofern m\u00f6glich, sollten Sie die Sonne dann ganz meiden oder sich zumindest im Schatten aufhalten.<\/p>\n","protected":false},"excerpt":{"rendered":"<p>Linola Sonnen-Hautmilch bietet Sonnenschutz f\u00fcr empfindliche und neurodermitische HautLinola Sonnen-Hautmilch sch\u00fctzt die Haut sofort vor UV-Strahlen &#13; &#13; mit einem ausgewogenen und hochwirksamen UVA-\/UVB-Filtersystem (LSF 50) &#13; auch f\u00fcr empfindliche, trockene und zu Neurodermitis neigende Haut &#13; leicht verteilbar (\u00d6l-in-Wasser-Emulsion) &#13; ohne mineralische Pigmente &#13; zieht schnell ein und hinterl\u00e4sst keine klebrigen oder wei\u00dfen R\u00fcckst\u00e4nde [&hellip;]<\/p>\n","protected":false},"featured_media":0,"template":"","meta":{"_acf_changed":false},"product_brand":[686],"product_cat":[795],"product_tag":[],"class_list":{"0":"post-48814","1":"product","2":"type-product","3":"status-publish","5":"product_brand-linola","6":"product_cat-l","7":"pa_packungsgroesse-100ml","9":"first","10":"instock","11":"shipping-taxable","12":"purchasable","13":"product-type-simple"},"acf":[],"_links":{"self":[{"href":"https:\/\/www.ernstbrunn-apotheke.at\/katalog\/wp-json\/wp\/v2\/product\/48814","targetHints":{"allow":["GET"]}}],"collection":[{"href":"https:\/\/www.ernstbrunn-apotheke.at\/katalog\/wp-json\/wp\/v2\/product"}],"about":[{"href":"https:\/\/www.ernstbrunn-apotheke.at\/katalog\/wp-json\/wp\/v2\/types\/product"}],"wp:attachment":[{"href":"https:\/\/www.ernstbrunn-apotheke.at\/katalog\/wp-json\/wp\/v2\/media?parent=48814"}],"wp:term":[{"taxonomy":"product_brand","embeddable":true,"href":"https:\/\/www.ernstbrunn-apotheke.at\/katalog\/wp-json\/wp\/v2\/product_brand?post=48814"},{"taxonomy":"product_cat","embeddable":true,"href":"https:\/\/www.ernstbrunn-apotheke.at\/katalog\/wp-json\/wp\/v2\/product_cat?post=48814"},{"taxonomy":"product_tag","embeddable":true,"href":"https:\/\/www.ernstbrunn-apotheke.at\/katalog\/wp-json\/wp\/v2\/product_tag?post=48814"}],"curies":[{"name":"wp","href":"https:\/\/api.w.org\/{rel}","templated":true}]}}