{"id":48679,"date":"2025-11-10T18:09:53","date_gmt":"2025-11-10T17:09:53","guid":{"rendered":"https:\/\/www.ernstbrunn-apotheke.at\/katalog\/produkt\/heliocare-360-sonnen-gel-oil-free-50-ml\/"},"modified":"2025-12-08T16:36:14","modified_gmt":"2025-12-08T15:36:14","slug":"heliocare-360-sonnen-gel-oil-free-50-ml","status":"publish","type":"product","link":"https:\/\/www.ernstbrunn-apotheke.at\/katalog\/produkt\/heliocare-360-sonnen-gel-oil-free-50-ml\/","title":{"rendered":"Heliocare 360 Sonnen Gel Oil-free 50 ml"},"content":{"rendered":"<p>Heliocare Sonnen 360 Gel Oil-free 50 ml bietet einen hohen Photoimmunschutz f\u00fcr \u00f6lige, fettige oder zu Akne neigender Haut. Die innovative \u00f6lfreie Gel-Formulierung zieht schnell ein und hinterl\u00e4sst ein angenehm leichtes Gef\u00fchl auf der Haut<\/p>\n","protected":false},"excerpt":{"rendered":"<p>Heliocare Sonnen 360 Gel Oil-free 50 ml bietet einen hohen Photoimmunschutz f\u00fcr \u00f6lige, fettige oder zu Akne neigender Haut. Die innovative \u00f6lfreie Gel-Formulierung zieht schnell ein und hinterl\u00e4sst ein angenehm leichtes Gef\u00fchl auf der Haut<\/p>\n","protected":false},"featured_media":48681,"template":"","meta":{"_acf_changed":false},"product_brand":[1026],"product_cat":[805],"product_tag":[],"class_list":{"0":"post-48679","1":"product","2":"type-product","3":"status-publish","4":"has-post-thumbnail","6":"product_brand-heliocare","7":"product_cat-h","8":"pa_packungsgroesse-50ml","10":"first","11":"instock","12":"shipping-taxable","13":"purchasable","14":"product-type-simple"},"acf":[],"_links":{"self":[{"href":"https:\/\/www.ernstbrunn-apotheke.at\/katalog\/wp-json\/wp\/v2\/product\/48679","targetHints":{"allow":["GET"]}}],"collection":[{"href":"https:\/\/www.ernstbrunn-apotheke.at\/katalog\/wp-json\/wp\/v2\/product"}],"about":[{"href":"https:\/\/www.ernstbrunn-apotheke.at\/katalog\/wp-json\/wp\/v2\/types\/product"}],"wp:featuredmedia":[{"embeddable":true,"href":"https:\/\/www.ernstbrunn-apotheke.at\/katalog\/wp-json\/wp\/v2\/media\/48681"}],"wp:attachment":[{"href":"https:\/\/www.ernstbrunn-apotheke.at\/katalog\/wp-json\/wp\/v2\/media?parent=48679"}],"wp:term":[{"taxonomy":"product_brand","embeddable":true,"href":"https:\/\/www.ernstbrunn-apotheke.at\/katalog\/wp-json\/wp\/v2\/product_brand?post=48679"},{"taxonomy":"product_cat","embeddable":true,"href":"https:\/\/www.ernstbrunn-apotheke.at\/katalog\/wp-json\/wp\/v2\/product_cat?post=48679"},{"taxonomy":"product_tag","embeddable":true,"href":"https:\/\/www.ernstbrunn-apotheke.at\/katalog\/wp-json\/wp\/v2\/product_tag?post=48679"}],"curies":[{"name":"wp","href":"https:\/\/api.w.org\/{rel}","templated":true}]}}