{"id":48667,"date":"2025-11-10T18:09:53","date_gmt":"2025-11-10T17:09:53","guid":{"rendered":"https:\/\/www.ernstbrunn-apotheke.at\/katalog\/produkt\/vichy-ideal-soleil-anti-age-3-in-1-antioxidative-sonnenpflege-lsf-50-sonnencreme-fuer-das-gesicht\/"},"modified":"2025-12-08T16:36:12","modified_gmt":"2025-12-08T15:36:12","slug":"vichy-ideal-soleil-anti-age-3-in-1-antioxidative-sonnenpflege-lsf-50-sonnencreme-fuer-das-gesicht","status":"publish","type":"product","link":"https:\/\/www.ernstbrunn-apotheke.at\/katalog\/produkt\/vichy-ideal-soleil-anti-age-3-in-1-antioxidative-sonnenpflege-lsf-50-sonnencreme-fuer-das-gesicht\/","title":{"rendered":"Vichy IDEAL SOLEIL Anti-Age 3-in-1 Antioxidative Sonnenpflege LSF 50 Sonnencreme f\u00fcr das Gesicht"},"content":{"rendered":"<p>VICHY Capital Soleil Anti-Age 3-in-1 Antioxidative Sonnenpflege LSF 50 &#8211; Mit Schwarztee-Extrakt und Camu-Camu, einer Vitamin-C-reichen Frucht f\u00fcr einen antioxidativen Effekt. F\u00fcr die t\u00e4gliche Anwendung auf Gesicht, Hals und Dekollet\u00e9 geeignet. Erg\u00e4nzend oder als Ersatz f\u00fcr ihre Tagespflege. Nicht fettend und zieht sofort ein. Auch f\u00fcr trockene und empfindliche Haut geeignet. Dreifach Wirksam: Anti-Falten, Elastizit\u00e4t und Ausstrahlung &#8211; jetzt stark preisreduziert bestellen!<\/p>\n","protected":false},"excerpt":{"rendered":"<p>VICHY Capital Soleil Anti-Age 3-in-1 Antioxidative Sonnenpflege LSF 50 &#8211; Mit Schwarztee-Extrakt und Camu-Camu, einer Vitamin-C-reichen Frucht f\u00fcr einen antioxidativen Effekt. F\u00fcr die t\u00e4gliche Anwendung auf Gesicht, Hals und Dekollet\u00e9 geeignet. Erg\u00e4nzend oder als Ersatz f\u00fcr ihre Tagespflege. Nicht fettend und zieht sofort ein. Auch f\u00fcr trockene und empfindliche Haut geeignet. Dreifach Wirksam: Anti-Falten, Elastizit\u00e4t [&hellip;]<\/p>\n","protected":false},"featured_media":0,"template":"","meta":{"_acf_changed":false},"product_brand":[675],"product_cat":[799],"product_tag":[],"class_list":{"0":"post-48667","1":"product","2":"type-product","3":"status-publish","5":"product_brand-vichy","6":"product_cat-v","7":"pa_packungsgroesse-50ml","9":"first","10":"instock","11":"shipping-taxable","12":"purchasable","13":"product-type-simple"},"acf":[],"_links":{"self":[{"href":"https:\/\/www.ernstbrunn-apotheke.at\/katalog\/wp-json\/wp\/v2\/product\/48667","targetHints":{"allow":["GET"]}}],"collection":[{"href":"https:\/\/www.ernstbrunn-apotheke.at\/katalog\/wp-json\/wp\/v2\/product"}],"about":[{"href":"https:\/\/www.ernstbrunn-apotheke.at\/katalog\/wp-json\/wp\/v2\/types\/product"}],"wp:attachment":[{"href":"https:\/\/www.ernstbrunn-apotheke.at\/katalog\/wp-json\/wp\/v2\/media?parent=48667"}],"wp:term":[{"taxonomy":"product_brand","embeddable":true,"href":"https:\/\/www.ernstbrunn-apotheke.at\/katalog\/wp-json\/wp\/v2\/product_brand?post=48667"},{"taxonomy":"product_cat","embeddable":true,"href":"https:\/\/www.ernstbrunn-apotheke.at\/katalog\/wp-json\/wp\/v2\/product_cat?post=48667"},{"taxonomy":"product_tag","embeddable":true,"href":"https:\/\/www.ernstbrunn-apotheke.at\/katalog\/wp-json\/wp\/v2\/product_tag?post=48667"}],"curies":[{"name":"wp","href":"https:\/\/api.w.org\/{rel}","templated":true}]}}