{"id":48589,"date":"2025-11-10T18:08:43","date_gmt":"2025-11-10T17:08:43","guid":{"rendered":"https:\/\/www.ernstbrunn-apotheke.at\/katalog\/produkt\/ladival-fuer-kinder-sonnenschutz-milch-200-ml-lsf-30\/"},"modified":"2025-12-08T16:35:52","modified_gmt":"2025-12-08T15:35:52","slug":"ladival-fuer-kinder-sonnenschutz-milch-200-ml-lsf-30","status":"publish","type":"product","link":"https:\/\/www.ernstbrunn-apotheke.at\/katalog\/produkt\/ladival-fuer-kinder-sonnenschutz-milch-200-ml-lsf-30\/","title":{"rendered":"Ladival f\u00fcr Kinder Sonnenschutz Milch 200 ml LSF 30"},"content":{"rendered":"<p>Ladival\u00ae Sonnenschutzmilch f\u00fcr Kinder LSF 30 sch\u00fctzt zuverl\u00e4ssig vor Sonnenbrand und Sp\u00e4tsch\u00e4den der Haut. Die zarte Kinderhaut wird nicht belastet und ist immer optimal gesch\u00fctzt \u2013 jetzt mit Kauf auf Rechnung bestellen, 100% Zufriedenheitsgarantie mit der Qualit\u00e4t Ihrer Bestellung!<\/p>\n","protected":false},"excerpt":{"rendered":"<p>Ladival\u00ae Sonnenschutzmilch f\u00fcr Kinder LSF 30 sch\u00fctzt zuverl\u00e4ssig vor Sonnenbrand und Sp\u00e4tsch\u00e4den der Haut. Die zarte Kinderhaut wird nicht belastet und ist immer optimal gesch\u00fctzt \u2013 jetzt mit Kauf auf Rechnung bestellen, 100% Zufriedenheitsgarantie mit der Qualit\u00e4t Ihrer Bestellung!<\/p>\n","protected":false},"featured_media":48591,"template":"","meta":{"_acf_changed":false},"product_brand":[1027],"product_cat":[795],"product_tag":[],"class_list":{"0":"post-48589","1":"product","2":"type-product","3":"status-publish","4":"has-post-thumbnail","6":"product_brand-ladival","7":"product_cat-l","8":"pa_packungsgroesse-200ml","10":"first","11":"instock","12":"shipping-taxable","13":"purchasable","14":"product-type-simple"},"acf":[],"_links":{"self":[{"href":"https:\/\/www.ernstbrunn-apotheke.at\/katalog\/wp-json\/wp\/v2\/product\/48589","targetHints":{"allow":["GET"]}}],"collection":[{"href":"https:\/\/www.ernstbrunn-apotheke.at\/katalog\/wp-json\/wp\/v2\/product"}],"about":[{"href":"https:\/\/www.ernstbrunn-apotheke.at\/katalog\/wp-json\/wp\/v2\/types\/product"}],"wp:featuredmedia":[{"embeddable":true,"href":"https:\/\/www.ernstbrunn-apotheke.at\/katalog\/wp-json\/wp\/v2\/media\/48591"}],"wp:attachment":[{"href":"https:\/\/www.ernstbrunn-apotheke.at\/katalog\/wp-json\/wp\/v2\/media?parent=48589"}],"wp:term":[{"taxonomy":"product_brand","embeddable":true,"href":"https:\/\/www.ernstbrunn-apotheke.at\/katalog\/wp-json\/wp\/v2\/product_brand?post=48589"},{"taxonomy":"product_cat","embeddable":true,"href":"https:\/\/www.ernstbrunn-apotheke.at\/katalog\/wp-json\/wp\/v2\/product_cat?post=48589"},{"taxonomy":"product_tag","embeddable":true,"href":"https:\/\/www.ernstbrunn-apotheke.at\/katalog\/wp-json\/wp\/v2\/product_tag?post=48589"}],"curies":[{"name":"wp","href":"https:\/\/api.w.org\/{rel}","templated":true}]}}