{"id":48525,"date":"2025-11-10T18:07:39","date_gmt":"2025-11-10T17:07:39","guid":{"rendered":"https:\/\/www.ernstbrunn-apotheke.at\/katalog\/produkt\/ladival-aktiv-transparenter-sonnenschutz-spray-150-ml-lsf-30\/"},"modified":"2025-12-08T16:35:36","modified_gmt":"2025-12-08T15:35:36","slug":"ladival-aktiv-transparenter-sonnenschutz-spray-150-ml-lsf-30","status":"publish","type":"product","link":"https:\/\/www.ernstbrunn-apotheke.at\/katalog\/produkt\/ladival-aktiv-transparenter-sonnenschutz-spray-150-ml-lsf-30\/","title":{"rendered":"Ladival Aktiv Transparenter Sonnenschutz Spray 150 ml LSF 30"},"content":{"rendered":"<p>Ladival\u00ae Aktiv Sonnenschutz Spray LSF 30 ist sofort wirksam und daher f\u00fcr jeden geeignet. Durch die besondere Konsistenz und das einzigartige Spr\u00fchsystem verteilt sich das Spray wie ein feiner Nebel gleichm\u00e4\u00dfig auf der Haut.<\/p>\n","protected":false},"excerpt":{"rendered":"<p>Ladival\u00ae Aktiv Sonnenschutz Spray LSF 30 ist sofort wirksam und daher f\u00fcr jeden geeignet. Durch die besondere Konsistenz und das einzigartige Spr\u00fchsystem verteilt sich das Spray wie ein feiner Nebel gleichm\u00e4\u00dfig auf der Haut.<\/p>\n","protected":false},"featured_media":48527,"template":"","meta":{"_acf_changed":false},"product_brand":[1027],"product_cat":[795],"product_tag":[],"class_list":{"0":"post-48525","1":"product","2":"type-product","3":"status-publish","4":"has-post-thumbnail","6":"product_brand-ladival","7":"product_cat-l","8":"pa_packungsgroesse-150ml","10":"first","11":"instock","12":"shipping-taxable","13":"purchasable","14":"product-type-simple"},"acf":[],"_links":{"self":[{"href":"https:\/\/www.ernstbrunn-apotheke.at\/katalog\/wp-json\/wp\/v2\/product\/48525","targetHints":{"allow":["GET"]}}],"collection":[{"href":"https:\/\/www.ernstbrunn-apotheke.at\/katalog\/wp-json\/wp\/v2\/product"}],"about":[{"href":"https:\/\/www.ernstbrunn-apotheke.at\/katalog\/wp-json\/wp\/v2\/types\/product"}],"wp:featuredmedia":[{"embeddable":true,"href":"https:\/\/www.ernstbrunn-apotheke.at\/katalog\/wp-json\/wp\/v2\/media\/48527"}],"wp:attachment":[{"href":"https:\/\/www.ernstbrunn-apotheke.at\/katalog\/wp-json\/wp\/v2\/media?parent=48525"}],"wp:term":[{"taxonomy":"product_brand","embeddable":true,"href":"https:\/\/www.ernstbrunn-apotheke.at\/katalog\/wp-json\/wp\/v2\/product_brand?post=48525"},{"taxonomy":"product_cat","embeddable":true,"href":"https:\/\/www.ernstbrunn-apotheke.at\/katalog\/wp-json\/wp\/v2\/product_cat?post=48525"},{"taxonomy":"product_tag","embeddable":true,"href":"https:\/\/www.ernstbrunn-apotheke.at\/katalog\/wp-json\/wp\/v2\/product_tag?post=48525"}],"curies":[{"name":"wp","href":"https:\/\/api.w.org\/{rel}","templated":true}]}}