{"id":48504,"date":"2025-11-10T18:07:19","date_gmt":"2025-11-10T17:07:19","guid":{"rendered":"https:\/\/www.ernstbrunn-apotheke.at\/katalog\/produkt\/ladival-aktiv-alpin-winter-kombi-1-stk\/"},"modified":"2025-12-08T16:35:29","modified_gmt":"2025-12-08T15:35:29","slug":"ladival-aktiv-alpin-winter-kombi-1-stk","status":"publish","type":"product","link":"https:\/\/www.ernstbrunn-apotheke.at\/katalog\/produkt\/ladival-aktiv-alpin-winter-kombi-1-stk\/","title":{"rendered":"Ladival Aktiv Alpin \u201eWinter-Kombi\u201c 1 Stk."},"content":{"rendered":"<p>Die Ladival\u00ae Aktiv Alpin \u201eWinter-Kombi\u201c sch\u00fctzt Gesicht und Lippen vor Sonne dank sehr hohem Lichtschutzfaktor, vor K\u00e4lte bis -18 \u00b0C und zus\u00e4tzlich vor Austrocknung. Die Sonnenschutzkombination ist besonders praktisch f\u00fcr unterwegs und nicht nur f\u00fcr Wintersportler. Handlicher Sonnenschutz f\u00fcr alle, die gerne im Winter drau\u00dfen aktiv sind &#8211; alle Produkte von Marke Ladival\u00ae mit hohem Rabatt bestellen!<\/p>\n","protected":false},"excerpt":{"rendered":"<p>Die Ladival\u00ae Aktiv Alpin \u201eWinter-Kombi\u201c sch\u00fctzt Gesicht und Lippen vor Sonne dank sehr hohem Lichtschutzfaktor, vor K\u00e4lte bis -18 \u00b0C und zus\u00e4tzlich vor Austrocknung. Die Sonnenschutzkombination ist besonders praktisch f\u00fcr unterwegs und nicht nur f\u00fcr Wintersportler. Handlicher Sonnenschutz f\u00fcr alle, die gerne im Winter drau\u00dfen aktiv sind &#8211; alle Produkte von Marke Ladival\u00ae mit hohem [&hellip;]<\/p>\n","protected":false},"featured_media":48506,"template":"","meta":{"_acf_changed":false},"product_brand":[1027],"product_cat":[795],"product_tag":[],"class_list":{"0":"post-48504","1":"product","2":"type-product","3":"status-publish","4":"has-post-thumbnail","6":"product_brand-ladival","7":"product_cat-l","8":"pa_packungsgroesse-500","10":"first","11":"instock","12":"shipping-taxable","13":"purchasable","14":"product-type-simple"},"acf":[],"_links":{"self":[{"href":"https:\/\/www.ernstbrunn-apotheke.at\/katalog\/wp-json\/wp\/v2\/product\/48504","targetHints":{"allow":["GET"]}}],"collection":[{"href":"https:\/\/www.ernstbrunn-apotheke.at\/katalog\/wp-json\/wp\/v2\/product"}],"about":[{"href":"https:\/\/www.ernstbrunn-apotheke.at\/katalog\/wp-json\/wp\/v2\/types\/product"}],"wp:featuredmedia":[{"embeddable":true,"href":"https:\/\/www.ernstbrunn-apotheke.at\/katalog\/wp-json\/wp\/v2\/media\/48506"}],"wp:attachment":[{"href":"https:\/\/www.ernstbrunn-apotheke.at\/katalog\/wp-json\/wp\/v2\/media?parent=48504"}],"wp:term":[{"taxonomy":"product_brand","embeddable":true,"href":"https:\/\/www.ernstbrunn-apotheke.at\/katalog\/wp-json\/wp\/v2\/product_brand?post=48504"},{"taxonomy":"product_cat","embeddable":true,"href":"https:\/\/www.ernstbrunn-apotheke.at\/katalog\/wp-json\/wp\/v2\/product_cat?post=48504"},{"taxonomy":"product_tag","embeddable":true,"href":"https:\/\/www.ernstbrunn-apotheke.at\/katalog\/wp-json\/wp\/v2\/product_tag?post=48504"}],"curies":[{"name":"wp","href":"https:\/\/api.w.org\/{rel}","templated":true}]}}