{"id":48446,"date":"2025-11-10T18:06:13","date_gmt":"2025-11-10T17:06:13","guid":{"rendered":"https:\/\/www.ernstbrunn-apotheke.at\/katalog\/produkt\/vichy-ideal-soleil-protect-go-sonnenfluid-lsf-50-sonnencreme-fuer-den-koerper\/"},"modified":"2025-12-08T16:35:07","modified_gmt":"2025-12-08T15:35:07","slug":"vichy-ideal-soleil-protect-go-sonnenfluid-lsf-50-sonnencreme-fuer-den-koerper","status":"publish","type":"product","link":"https:\/\/www.ernstbrunn-apotheke.at\/katalog\/produkt\/vichy-ideal-soleil-protect-go-sonnenfluid-lsf-50-sonnencreme-fuer-den-koerper\/","title":{"rendered":"Vichy IDEAL SOLEIL Protect &#038; Go Sonnenfluid LSF 50 Sonnencreme f\u00fcr den K\u00f6rper"},"content":{"rendered":"<p>VICHY Id\u00e9al Soleil Protect &#038; Go Sonnenfluid LSF 50 &#8211; Hoher UV-Schutz kombiniert mit einer ultra-leichten Textur. F\u00fcr Gesicht und K\u00f6rper und alle Hauttypen geeignet. Passt in jede Hosentasche und ist federleicht. Hoher UV Schutz. Extra Wasser- und Schwei\u00dfresistent. Auch f\u00fcr empfindliche Haut geeignet.<\/p>\n","protected":false},"excerpt":{"rendered":"<p>VICHY Id\u00e9al Soleil Protect &#038; Go Sonnenfluid LSF 50 &#8211; Hoher UV-Schutz kombiniert mit einer ultra-leichten Textur. F\u00fcr Gesicht und K\u00f6rper und alle Hauttypen geeignet. Passt in jede Hosentasche und ist federleicht. Hoher UV Schutz. Extra Wasser- und Schwei\u00dfresistent. Auch f\u00fcr empfindliche Haut geeignet.<\/p>\n","protected":false},"featured_media":48448,"template":"","meta":{"_acf_changed":false},"product_brand":[675],"product_cat":[799],"product_tag":[],"class_list":{"0":"post-48446","1":"product","2":"type-product","3":"status-publish","4":"has-post-thumbnail","6":"product_brand-vichy","7":"product_cat-v","8":"pa_packungsgroesse-30ml","10":"first","11":"instock","12":"shipping-taxable","13":"purchasable","14":"product-type-simple"},"acf":[],"_links":{"self":[{"href":"https:\/\/www.ernstbrunn-apotheke.at\/katalog\/wp-json\/wp\/v2\/product\/48446","targetHints":{"allow":["GET"]}}],"collection":[{"href":"https:\/\/www.ernstbrunn-apotheke.at\/katalog\/wp-json\/wp\/v2\/product"}],"about":[{"href":"https:\/\/www.ernstbrunn-apotheke.at\/katalog\/wp-json\/wp\/v2\/types\/product"}],"wp:featuredmedia":[{"embeddable":true,"href":"https:\/\/www.ernstbrunn-apotheke.at\/katalog\/wp-json\/wp\/v2\/media\/48448"}],"wp:attachment":[{"href":"https:\/\/www.ernstbrunn-apotheke.at\/katalog\/wp-json\/wp\/v2\/media?parent=48446"}],"wp:term":[{"taxonomy":"product_brand","embeddable":true,"href":"https:\/\/www.ernstbrunn-apotheke.at\/katalog\/wp-json\/wp\/v2\/product_brand?post=48446"},{"taxonomy":"product_cat","embeddable":true,"href":"https:\/\/www.ernstbrunn-apotheke.at\/katalog\/wp-json\/wp\/v2\/product_cat?post=48446"},{"taxonomy":"product_tag","embeddable":true,"href":"https:\/\/www.ernstbrunn-apotheke.at\/katalog\/wp-json\/wp\/v2\/product_tag?post=48446"}],"curies":[{"name":"wp","href":"https:\/\/api.w.org\/{rel}","templated":true}]}}