{"id":48442,"date":"2025-11-10T18:06:13","date_gmt":"2025-11-10T17:06:13","guid":{"rendered":"https:\/\/www.ernstbrunn-apotheke.at\/katalog\/produkt\/ladival-allergie-sonnenspray-150-ml-f-30\/"},"modified":"2025-12-08T16:35:06","modified_gmt":"2025-12-08T15:35:06","slug":"ladival-allergie-sonnenspray-150-ml-f-30","status":"publish","type":"product","link":"https:\/\/www.ernstbrunn-apotheke.at\/katalog\/produkt\/ladival-allergie-sonnenspray-150-ml-f-30\/","title":{"rendered":"Ladival Allergie Sonnenspray 150 ml F 30"},"content":{"rendered":"<p>Sonnenschutz bei Mallorca-Akne und Sonnenallergie. Ladival\u00ae Allergische Haut ist der ideale Sonnenschutz f\u00fcr alle Personen, die zu allergischen Hautreaktionen in der Sonne neigen. Die leichten Hydrodispersionsgele auf Wasserbasis enthalten weder Fette noch Emulgatoren \u2013 die h\u00e4ufigsten Ausl\u00f6ser f\u00fcr die wohl bekannteste Form der Sonnenallergie, die so genannte &#8222;Mallorca-Akne&#8220;. Jetzt stark preisgesenkt.<\/p>\n","protected":false},"excerpt":{"rendered":"<p>Sonnenschutz bei Mallorca-Akne und Sonnenallergie. Ladival\u00ae Allergische Haut ist der ideale Sonnenschutz f\u00fcr alle Personen, die zu allergischen Hautreaktionen in der Sonne neigen. Die leichten Hydrodispersionsgele auf Wasserbasis enthalten weder Fette noch Emulgatoren \u2013 die h\u00e4ufigsten Ausl\u00f6ser f\u00fcr die wohl bekannteste Form der Sonnenallergie, die so genannte &#8222;Mallorca-Akne&#8220;. Jetzt stark preisgesenkt.<\/p>\n","protected":false},"featured_media":48444,"template":"","meta":{"_acf_changed":false},"product_brand":[1027],"product_cat":[795],"product_tag":[],"class_list":{"0":"post-48442","1":"product","2":"type-product","3":"status-publish","4":"has-post-thumbnail","6":"product_brand-ladival","7":"product_cat-l","8":"pa_packungsgroesse-150ml","10":"first","11":"instock","12":"shipping-taxable","13":"purchasable","14":"product-type-simple"},"acf":[],"_links":{"self":[{"href":"https:\/\/www.ernstbrunn-apotheke.at\/katalog\/wp-json\/wp\/v2\/product\/48442","targetHints":{"allow":["GET"]}}],"collection":[{"href":"https:\/\/www.ernstbrunn-apotheke.at\/katalog\/wp-json\/wp\/v2\/product"}],"about":[{"href":"https:\/\/www.ernstbrunn-apotheke.at\/katalog\/wp-json\/wp\/v2\/types\/product"}],"wp:featuredmedia":[{"embeddable":true,"href":"https:\/\/www.ernstbrunn-apotheke.at\/katalog\/wp-json\/wp\/v2\/media\/48444"}],"wp:attachment":[{"href":"https:\/\/www.ernstbrunn-apotheke.at\/katalog\/wp-json\/wp\/v2\/media?parent=48442"}],"wp:term":[{"taxonomy":"product_brand","embeddable":true,"href":"https:\/\/www.ernstbrunn-apotheke.at\/katalog\/wp-json\/wp\/v2\/product_brand?post=48442"},{"taxonomy":"product_cat","embeddable":true,"href":"https:\/\/www.ernstbrunn-apotheke.at\/katalog\/wp-json\/wp\/v2\/product_cat?post=48442"},{"taxonomy":"product_tag","embeddable":true,"href":"https:\/\/www.ernstbrunn-apotheke.at\/katalog\/wp-json\/wp\/v2\/product_tag?post=48442"}],"curies":[{"name":"wp","href":"https:\/\/api.w.org\/{rel}","templated":true}]}}