{"id":48410,"date":"2025-11-10T18:05:35","date_gmt":"2025-11-10T17:05:35","guid":{"rendered":"https:\/\/www.ernstbrunn-apotheke.at\/katalog\/produkt\/eucerin-sensitive-protect-sun-spray-transparent-lsf-30\/"},"modified":"2025-12-08T16:34:53","modified_gmt":"2025-12-08T15:34:53","slug":"eucerin-sensitive-protect-sun-spray-transparent-lsf-30","status":"publish","type":"product","link":"https:\/\/www.ernstbrunn-apotheke.at\/katalog\/produkt\/eucerin-sensitive-protect-sun-spray-transparent-lsf-30\/","title":{"rendered":"Eucerin Sensitive Protect Sun Spray Transparent LSF 30"},"content":{"rendered":"<p>Eucerin Sensitive Protect Sun Spray Transparent Dry Touch LSF 30 ist ein ausgezeichnetes Sonnenschutzmittel, das keine sichtbaren Spuren auf der Haut hinterl\u00e4sst. Es eignet sich zur Anwendung f\u00fcr normale und fettige Haut. Zudem ist es ideal f\u00fcr behaarte Haut oder die Kopfhaut, ob mit oder ohne Haar, geeignet. Das durchsichtige Sonnenschutzmittel zum Aufspr\u00fchen bietet einen hohen Lichtschutz gegen sonnenbedingte Hautsch\u00e4den.<\/p>\n","protected":false},"excerpt":{"rendered":"<p>Eucerin Sensitive Protect Sun Spray Transparent Dry Touch LSF 30 ist ein ausgezeichnetes Sonnenschutzmittel, das keine sichtbaren Spuren auf der Haut hinterl\u00e4sst. Es eignet sich zur Anwendung f\u00fcr normale und fettige Haut. Zudem ist es ideal f\u00fcr behaarte Haut oder die Kopfhaut, ob mit oder ohne Haar, geeignet. Das durchsichtige Sonnenschutzmittel zum Aufspr\u00fchen bietet einen [&hellip;]<\/p>\n","protected":false},"featured_media":48412,"template":"","meta":{"_acf_changed":false},"product_brand":[334],"product_cat":[794],"product_tag":[],"class_list":{"0":"post-48410","1":"product","2":"type-product","3":"status-publish","4":"has-post-thumbnail","6":"product_brand-eucerin","7":"product_cat-e","8":"pa_packungsgroesse-200ml","10":"first","11":"instock","12":"shipping-taxable","13":"purchasable","14":"product-type-simple"},"acf":[],"_links":{"self":[{"href":"https:\/\/www.ernstbrunn-apotheke.at\/katalog\/wp-json\/wp\/v2\/product\/48410","targetHints":{"allow":["GET"]}}],"collection":[{"href":"https:\/\/www.ernstbrunn-apotheke.at\/katalog\/wp-json\/wp\/v2\/product"}],"about":[{"href":"https:\/\/www.ernstbrunn-apotheke.at\/katalog\/wp-json\/wp\/v2\/types\/product"}],"wp:featuredmedia":[{"embeddable":true,"href":"https:\/\/www.ernstbrunn-apotheke.at\/katalog\/wp-json\/wp\/v2\/media\/48412"}],"wp:attachment":[{"href":"https:\/\/www.ernstbrunn-apotheke.at\/katalog\/wp-json\/wp\/v2\/media?parent=48410"}],"wp:term":[{"taxonomy":"product_brand","embeddable":true,"href":"https:\/\/www.ernstbrunn-apotheke.at\/katalog\/wp-json\/wp\/v2\/product_brand?post=48410"},{"taxonomy":"product_cat","embeddable":true,"href":"https:\/\/www.ernstbrunn-apotheke.at\/katalog\/wp-json\/wp\/v2\/product_cat?post=48410"},{"taxonomy":"product_tag","embeddable":true,"href":"https:\/\/www.ernstbrunn-apotheke.at\/katalog\/wp-json\/wp\/v2\/product_tag?post=48410"}],"curies":[{"name":"wp","href":"https:\/\/api.w.org\/{rel}","templated":true}]}}