{"id":48389,"date":"2025-11-10T18:05:10","date_gmt":"2025-11-10T17:05:10","guid":{"rendered":"https:\/\/www.ernstbrunn-apotheke.at\/katalog\/produkt\/la-roche-posay-anthelios-xl-transparentes-koerperspray-lsf-50\/"},"modified":"2025-12-08T16:34:47","modified_gmt":"2025-12-08T15:34:47","slug":"la-roche-posay-anthelios-xl-transparentes-koerperspray-lsf-50","status":"publish","type":"product","link":"https:\/\/www.ernstbrunn-apotheke.at\/katalog\/produkt\/la-roche-posay-anthelios-xl-transparentes-koerperspray-lsf-50\/","title":{"rendered":"La Roche-Posay Anthelios XL Transparentes K\u00f6rperspray LSF 50+"},"content":{"rendered":"<p>La Roche-Posay Anthelios LSF 50+ Transparentes K\u00f6rperspray ist ein ultra leichtes Sonnenschutz Spray f\u00fcr empfindliche K\u00f6rperhaut und bei Sonnenallergie.<\/p>\n","protected":false},"excerpt":{"rendered":"<p>La Roche-Posay Anthelios LSF 50+ Transparentes K\u00f6rperspray ist ein ultra leichtes Sonnenschutz Spray f\u00fcr empfindliche K\u00f6rperhaut und bei Sonnenallergie.<\/p>\n","protected":false},"featured_media":48391,"template":"","meta":{"_acf_changed":false},"product_brand":[677],"product_cat":[795],"product_tag":[],"class_list":{"0":"post-48389","1":"product","2":"type-product","3":"status-publish","4":"has-post-thumbnail","6":"product_brand-la-roche-posay","7":"product_cat-l","8":"pa_packungsgroesse-200ml","10":"first","11":"instock","12":"shipping-taxable","13":"purchasable","14":"product-type-simple"},"acf":[],"_links":{"self":[{"href":"https:\/\/www.ernstbrunn-apotheke.at\/katalog\/wp-json\/wp\/v2\/product\/48389","targetHints":{"allow":["GET"]}}],"collection":[{"href":"https:\/\/www.ernstbrunn-apotheke.at\/katalog\/wp-json\/wp\/v2\/product"}],"about":[{"href":"https:\/\/www.ernstbrunn-apotheke.at\/katalog\/wp-json\/wp\/v2\/types\/product"}],"wp:featuredmedia":[{"embeddable":true,"href":"https:\/\/www.ernstbrunn-apotheke.at\/katalog\/wp-json\/wp\/v2\/media\/48391"}],"wp:attachment":[{"href":"https:\/\/www.ernstbrunn-apotheke.at\/katalog\/wp-json\/wp\/v2\/media?parent=48389"}],"wp:term":[{"taxonomy":"product_brand","embeddable":true,"href":"https:\/\/www.ernstbrunn-apotheke.at\/katalog\/wp-json\/wp\/v2\/product_brand?post=48389"},{"taxonomy":"product_cat","embeddable":true,"href":"https:\/\/www.ernstbrunn-apotheke.at\/katalog\/wp-json\/wp\/v2\/product_cat?post=48389"},{"taxonomy":"product_tag","embeddable":true,"href":"https:\/\/www.ernstbrunn-apotheke.at\/katalog\/wp-json\/wp\/v2\/product_tag?post=48389"}],"curies":[{"name":"wp","href":"https:\/\/api.w.org\/{rel}","templated":true}]}}