{"id":48358,"date":"2025-11-10T18:04:34","date_gmt":"2025-11-10T17:04:34","guid":{"rendered":"https:\/\/www.ernstbrunn-apotheke.at\/katalog\/produkt\/vichy-ideal-soleil-hautperfektionierende-gesichtscreme-lsf-50\/"},"modified":"2025-12-08T16:34:40","modified_gmt":"2025-12-08T15:34:40","slug":"vichy-ideal-soleil-hautperfektionierende-gesichtscreme-lsf-50","status":"publish","type":"product","link":"https:\/\/www.ernstbrunn-apotheke.at\/katalog\/produkt\/vichy-ideal-soleil-hautperfektionierende-gesichtscreme-lsf-50\/","title":{"rendered":"Vichy IDEAL SOLEIL Hautperfektionierende-Gesichtscreme LSF 50+"},"content":{"rendered":"<p>Die Sonnenschutz-Cremes CAPITAL SOLEIL sch\u00fctzen alle Hauttypen vor UV-Strahlen mit exklusivem Filtersystem und Lichtschutzfaktoren nach Ma\u00df. Sie ziehen im Nu ein, enthalten das hautberuhigende und -kr\u00e4ftigende Thermalwasser von Vichy und machen das Auftragen zum m\u00fchelosen Vergn\u00fcgen.<\/p>\n","protected":false},"excerpt":{"rendered":"<p>Die Sonnenschutz-Cremes CAPITAL SOLEIL sch\u00fctzen alle Hauttypen vor UV-Strahlen mit exklusivem Filtersystem und Lichtschutzfaktoren nach Ma\u00df. Sie ziehen im Nu ein, enthalten das hautberuhigende und -kr\u00e4ftigende Thermalwasser von Vichy und machen das Auftragen zum m\u00fchelosen Vergn\u00fcgen.<\/p>\n","protected":false},"featured_media":48360,"template":"","meta":{"_acf_changed":false},"product_brand":[675],"product_cat":[799],"product_tag":[],"class_list":{"0":"post-48358","1":"product","2":"type-product","3":"status-publish","4":"has-post-thumbnail","6":"product_brand-vichy","7":"product_cat-v","8":"pa_packungsgroesse-50ml","10":"first","11":"instock","12":"shipping-taxable","13":"purchasable","14":"product-type-simple"},"acf":[],"_links":{"self":[{"href":"https:\/\/www.ernstbrunn-apotheke.at\/katalog\/wp-json\/wp\/v2\/product\/48358","targetHints":{"allow":["GET"]}}],"collection":[{"href":"https:\/\/www.ernstbrunn-apotheke.at\/katalog\/wp-json\/wp\/v2\/product"}],"about":[{"href":"https:\/\/www.ernstbrunn-apotheke.at\/katalog\/wp-json\/wp\/v2\/types\/product"}],"wp:featuredmedia":[{"embeddable":true,"href":"https:\/\/www.ernstbrunn-apotheke.at\/katalog\/wp-json\/wp\/v2\/media\/48360"}],"wp:attachment":[{"href":"https:\/\/www.ernstbrunn-apotheke.at\/katalog\/wp-json\/wp\/v2\/media?parent=48358"}],"wp:term":[{"taxonomy":"product_brand","embeddable":true,"href":"https:\/\/www.ernstbrunn-apotheke.at\/katalog\/wp-json\/wp\/v2\/product_brand?post=48358"},{"taxonomy":"product_cat","embeddable":true,"href":"https:\/\/www.ernstbrunn-apotheke.at\/katalog\/wp-json\/wp\/v2\/product_cat?post=48358"},{"taxonomy":"product_tag","embeddable":true,"href":"https:\/\/www.ernstbrunn-apotheke.at\/katalog\/wp-json\/wp\/v2\/product_tag?post=48358"}],"curies":[{"name":"wp","href":"https:\/\/api.w.org\/{rel}","templated":true}]}}