{"id":48342,"date":"2025-11-10T18:04:34","date_gmt":"2025-11-10T17:04:34","guid":{"rendered":"https:\/\/www.ernstbrunn-apotheke.at\/katalog\/produkt\/galderma-actinica-lotion-dispenser-80-g\/"},"modified":"2025-12-08T16:34:37","modified_gmt":"2025-12-08T15:34:37","slug":"galderma-actinica-lotion-dispenser-80-g","status":"publish","type":"product","link":"https:\/\/www.ernstbrunn-apotheke.at\/katalog\/produkt\/galderma-actinica-lotion-dispenser-80-g\/","title":{"rendered":"Galderma Actinica Lotion Dispenser 80 g"},"content":{"rendered":"<p>Galderma Actinica Lotion mit Dispenser 80 g ist ein Medizinprodukt mit sehr hohem UV-Schutz und wurde speziell f\u00fcr Personen entwickelt, welche ein erh\u00f6htes Risiko f\u00fcr die Entwicklung von Hellem Hautkrebs aufweisen. Actinica\u00ae Lotion enth\u00e4lt eine Kombination moderner photostabiler UV-Filter, die ein breites Spektrum der UV-Strahlung abdecken. Die Lotion sch\u00fctzt zuverl\u00e4ssig sowohl f\u00fcr UV-B- als auch vor UV-A-Strahlen und ihre Wirksamkeit in der Pr\u00e4vention des Hellen Hautkrebs wurde bei Risikopatienten in einer klinischen Studie belegt<\/p>\n","protected":false},"excerpt":{"rendered":"<p>Galderma Actinica Lotion mit Dispenser 80 g ist ein Medizinprodukt mit sehr hohem UV-Schutz und wurde speziell f\u00fcr Personen entwickelt, welche ein erh\u00f6htes Risiko f\u00fcr die Entwicklung von Hellem Hautkrebs aufweisen. Actinica\u00ae Lotion enth\u00e4lt eine Kombination moderner photostabiler UV-Filter, die ein breites Spektrum der UV-Strahlung abdecken. Die Lotion sch\u00fctzt zuverl\u00e4ssig sowohl f\u00fcr UV-B- als auch [&hellip;]<\/p>\n","protected":false},"featured_media":48344,"template":"","meta":{"_acf_changed":false},"product_brand":[1029],"product_cat":[810],"product_tag":[],"class_list":{"0":"post-48342","1":"product","2":"type-product","3":"status-publish","4":"has-post-thumbnail","6":"product_brand-daylong","7":"product_cat-g","8":"pa_packungsgroesse-80ml","10":"first","11":"instock","12":"shipping-taxable","13":"purchasable","14":"product-type-simple"},"acf":[],"_links":{"self":[{"href":"https:\/\/www.ernstbrunn-apotheke.at\/katalog\/wp-json\/wp\/v2\/product\/48342","targetHints":{"allow":["GET"]}}],"collection":[{"href":"https:\/\/www.ernstbrunn-apotheke.at\/katalog\/wp-json\/wp\/v2\/product"}],"about":[{"href":"https:\/\/www.ernstbrunn-apotheke.at\/katalog\/wp-json\/wp\/v2\/types\/product"}],"wp:featuredmedia":[{"embeddable":true,"href":"https:\/\/www.ernstbrunn-apotheke.at\/katalog\/wp-json\/wp\/v2\/media\/48344"}],"wp:attachment":[{"href":"https:\/\/www.ernstbrunn-apotheke.at\/katalog\/wp-json\/wp\/v2\/media?parent=48342"}],"wp:term":[{"taxonomy":"product_brand","embeddable":true,"href":"https:\/\/www.ernstbrunn-apotheke.at\/katalog\/wp-json\/wp\/v2\/product_brand?post=48342"},{"taxonomy":"product_cat","embeddable":true,"href":"https:\/\/www.ernstbrunn-apotheke.at\/katalog\/wp-json\/wp\/v2\/product_cat?post=48342"},{"taxonomy":"product_tag","embeddable":true,"href":"https:\/\/www.ernstbrunn-apotheke.at\/katalog\/wp-json\/wp\/v2\/product_tag?post=48342"}],"curies":[{"name":"wp","href":"https:\/\/api.w.org\/{rel}","templated":true}]}}