{"id":48330,"date":"2025-11-10T18:04:19","date_gmt":"2025-11-10T17:04:19","guid":{"rendered":"https:\/\/www.ernstbrunn-apotheke.at\/katalog\/produkt\/vichy-ideal-soleil-sonnenmilch-lsf-30-familienpackung\/"},"modified":"2025-12-08T16:34:32","modified_gmt":"2025-12-08T15:34:32","slug":"vichy-ideal-soleil-sonnenmilch-lsf-30-familienpackung","status":"publish","type":"product","link":"https:\/\/www.ernstbrunn-apotheke.at\/katalog\/produkt\/vichy-ideal-soleil-sonnenmilch-lsf-30-familienpackung\/","title":{"rendered":"Vichy IDEAL SOLEIL Sonnenmilch LSF 30 Familienpackung"},"content":{"rendered":"<p>VICHY Capital Soleil Familienmilch LSF 30 ist eine Milch mit Lichschutzfaktor 30 f\u00fcr Gesicht &#038; K\u00f6rper. F\u00fcr Kinder und Erwachsene und f\u00fcr alle Hauttypen geeignet.<\/p>\n","protected":false},"excerpt":{"rendered":"<p>VICHY Capital Soleil Familienmilch LSF 30 ist eine Milch mit Lichschutzfaktor 30 f\u00fcr Gesicht &#038; K\u00f6rper. F\u00fcr Kinder und Erwachsene und f\u00fcr alle Hauttypen geeignet.<\/p>\n","protected":false},"featured_media":48332,"template":"","meta":{"_acf_changed":false},"product_brand":[675],"product_cat":[799],"product_tag":[],"class_list":{"0":"post-48330","1":"product","2":"type-product","3":"status-publish","4":"has-post-thumbnail","6":"product_brand-vichy","7":"product_cat-v","8":"pa_packungsgroesse-300ml","10":"first","11":"instock","12":"shipping-taxable","13":"purchasable","14":"product-type-simple"},"acf":[],"_links":{"self":[{"href":"https:\/\/www.ernstbrunn-apotheke.at\/katalog\/wp-json\/wp\/v2\/product\/48330","targetHints":{"allow":["GET"]}}],"collection":[{"href":"https:\/\/www.ernstbrunn-apotheke.at\/katalog\/wp-json\/wp\/v2\/product"}],"about":[{"href":"https:\/\/www.ernstbrunn-apotheke.at\/katalog\/wp-json\/wp\/v2\/types\/product"}],"wp:featuredmedia":[{"embeddable":true,"href":"https:\/\/www.ernstbrunn-apotheke.at\/katalog\/wp-json\/wp\/v2\/media\/48332"}],"wp:attachment":[{"href":"https:\/\/www.ernstbrunn-apotheke.at\/katalog\/wp-json\/wp\/v2\/media?parent=48330"}],"wp:term":[{"taxonomy":"product_brand","embeddable":true,"href":"https:\/\/www.ernstbrunn-apotheke.at\/katalog\/wp-json\/wp\/v2\/product_brand?post=48330"},{"taxonomy":"product_cat","embeddable":true,"href":"https:\/\/www.ernstbrunn-apotheke.at\/katalog\/wp-json\/wp\/v2\/product_cat?post=48330"},{"taxonomy":"product_tag","embeddable":true,"href":"https:\/\/www.ernstbrunn-apotheke.at\/katalog\/wp-json\/wp\/v2\/product_tag?post=48330"}],"curies":[{"name":"wp","href":"https:\/\/api.w.org\/{rel}","templated":true}]}}