{"id":48305,"date":"2025-11-10T18:03:51","date_gmt":"2025-11-10T17:03:51","guid":{"rendered":"https:\/\/www.ernstbrunn-apotheke.at\/katalog\/produkt\/eucerin-sonnen-allergie-schutz-sonnencreme-gel-lsf-25\/"},"modified":"2025-12-08T16:34:25","modified_gmt":"2025-12-08T15:34:25","slug":"eucerin-sonnen-allergie-schutz-sonnencreme-gel-lsf-25","status":"publish","type":"product","link":"https:\/\/www.ernstbrunn-apotheke.at\/katalog\/produkt\/eucerin-sonnen-allergie-schutz-sonnencreme-gel-lsf-25\/","title":{"rendered":"Eucerin SONNEN ALLERGIE Schutz Sonnencreme-Gel LSF 25"},"content":{"rendered":"<p>Eucerin Sonnen Allergie Schutz Sun Creme-Gel bietet Schutz f\u00fcr sonnenallergiegef\u00e4hrdete Haut. Sch\u00fctzt nachweisbar vor Sonnenallergien wie polymorphe Lichtdermatose und Mallorca-Akne.<\/p>\n","protected":false},"excerpt":{"rendered":"<p>Eucerin Sonnen Allergie Schutz Sun Creme-Gel bietet Schutz f\u00fcr sonnenallergiegef\u00e4hrdete Haut. Sch\u00fctzt nachweisbar vor Sonnenallergien wie polymorphe Lichtdermatose und Mallorca-Akne.<\/p>\n","protected":false},"featured_media":48307,"template":"","meta":{"_acf_changed":false},"product_brand":[334],"product_cat":[794],"product_tag":[],"class_list":{"0":"post-48305","1":"product","2":"type-product","3":"status-publish","4":"has-post-thumbnail","6":"product_brand-eucerin","7":"product_cat-e","8":"pa_packungsgroesse-150ml","10":"first","11":"instock","12":"shipping-taxable","13":"purchasable","14":"product-type-simple"},"acf":[],"_links":{"self":[{"href":"https:\/\/www.ernstbrunn-apotheke.at\/katalog\/wp-json\/wp\/v2\/product\/48305","targetHints":{"allow":["GET"]}}],"collection":[{"href":"https:\/\/www.ernstbrunn-apotheke.at\/katalog\/wp-json\/wp\/v2\/product"}],"about":[{"href":"https:\/\/www.ernstbrunn-apotheke.at\/katalog\/wp-json\/wp\/v2\/types\/product"}],"wp:featuredmedia":[{"embeddable":true,"href":"https:\/\/www.ernstbrunn-apotheke.at\/katalog\/wp-json\/wp\/v2\/media\/48307"}],"wp:attachment":[{"href":"https:\/\/www.ernstbrunn-apotheke.at\/katalog\/wp-json\/wp\/v2\/media?parent=48305"}],"wp:term":[{"taxonomy":"product_brand","embeddable":true,"href":"https:\/\/www.ernstbrunn-apotheke.at\/katalog\/wp-json\/wp\/v2\/product_brand?post=48305"},{"taxonomy":"product_cat","embeddable":true,"href":"https:\/\/www.ernstbrunn-apotheke.at\/katalog\/wp-json\/wp\/v2\/product_cat?post=48305"},{"taxonomy":"product_tag","embeddable":true,"href":"https:\/\/www.ernstbrunn-apotheke.at\/katalog\/wp-json\/wp\/v2\/product_tag?post=48305"}],"curies":[{"name":"wp","href":"https:\/\/api.w.org\/{rel}","templated":true}]}}