{"id":48301,"date":"2025-11-10T18:03:51","date_gmt":"2025-11-10T17:03:51","guid":{"rendered":"https:\/\/www.ernstbrunn-apotheke.at\/katalog\/produkt\/ladival-apres-pflege-akut-beruhigungs-fluid-200-ml\/"},"modified":"2025-12-08T16:34:24","modified_gmt":"2025-12-08T15:34:24","slug":"ladival-apres-pflege-akut-beruhigungs-fluid-200-ml","status":"publish","type":"product","link":"https:\/\/www.ernstbrunn-apotheke.at\/katalog\/produkt\/ladival-apres-pflege-akut-beruhigungs-fluid-200-ml\/","title":{"rendered":"Ladival Apr\u00e9s Pflege Akut Beruhigungs-Fluid 200 ml"},"content":{"rendered":"<p>Ladival\u00ae Akut Beruhigungs-Fluid Pflege Gel regeneriert die sonnengestresste Haut und l\u00e4sst sonnenbedingte R\u00f6tungen und Spannungsgef\u00fchle abklingen.<\/p>\n","protected":false},"excerpt":{"rendered":"<p>Ladival\u00ae Akut Beruhigungs-Fluid Pflege Gel regeneriert die sonnengestresste Haut und l\u00e4sst sonnenbedingte R\u00f6tungen und Spannungsgef\u00fchle abklingen.<\/p>\n","protected":false},"featured_media":48303,"template":"","meta":{"_acf_changed":false},"product_brand":[1027],"product_cat":[795],"product_tag":[],"class_list":{"0":"post-48301","1":"product","2":"type-product","3":"status-publish","4":"has-post-thumbnail","6":"product_brand-ladival","7":"product_cat-l","8":"pa_packungsgroesse-200ml","10":"first","11":"instock","12":"shipping-taxable","13":"purchasable","14":"product-type-simple"},"acf":[],"_links":{"self":[{"href":"https:\/\/www.ernstbrunn-apotheke.at\/katalog\/wp-json\/wp\/v2\/product\/48301","targetHints":{"allow":["GET"]}}],"collection":[{"href":"https:\/\/www.ernstbrunn-apotheke.at\/katalog\/wp-json\/wp\/v2\/product"}],"about":[{"href":"https:\/\/www.ernstbrunn-apotheke.at\/katalog\/wp-json\/wp\/v2\/types\/product"}],"wp:featuredmedia":[{"embeddable":true,"href":"https:\/\/www.ernstbrunn-apotheke.at\/katalog\/wp-json\/wp\/v2\/media\/48303"}],"wp:attachment":[{"href":"https:\/\/www.ernstbrunn-apotheke.at\/katalog\/wp-json\/wp\/v2\/media?parent=48301"}],"wp:term":[{"taxonomy":"product_brand","embeddable":true,"href":"https:\/\/www.ernstbrunn-apotheke.at\/katalog\/wp-json\/wp\/v2\/product_brand?post=48301"},{"taxonomy":"product_cat","embeddable":true,"href":"https:\/\/www.ernstbrunn-apotheke.at\/katalog\/wp-json\/wp\/v2\/product_cat?post=48301"},{"taxonomy":"product_tag","embeddable":true,"href":"https:\/\/www.ernstbrunn-apotheke.at\/katalog\/wp-json\/wp\/v2\/product_tag?post=48301"}],"curies":[{"name":"wp","href":"https:\/\/api.w.org\/{rel}","templated":true}]}}