{"id":48282,"date":"2025-11-10T18:03:38","date_gmt":"2025-11-10T17:03:38","guid":{"rendered":"https:\/\/www.ernstbrunn-apotheke.at\/katalog\/produkt\/vichy-ideal-soleil-lsf-50-sonnenschutzstift\/"},"modified":"2025-12-08T16:34:16","modified_gmt":"2025-12-08T15:34:16","slug":"vichy-ideal-soleil-lsf-50-sonnenschutzstift","status":"publish","type":"product","link":"https:\/\/www.ernstbrunn-apotheke.at\/katalog\/produkt\/vichy-ideal-soleil-lsf-50-sonnenschutzstift\/","title":{"rendered":"Vichy IDEAL SOLEIL LSF 50+ Sonnenschutzstift"},"content":{"rendered":"<p>VICHY Capital Soleil Stick f\u00fcr empfindliche Hautpartien LSF 50+ &#8211; Der Stick f\u00fcr empfindliche Hautpartien mit hohem, tiefenwirksamen Zellschutz. F\u00fcr M\u00e4nner und Frauen, die auf der Suche nach einem Sonnenschutz f\u00fcr empfindliche Hautpartien sind.<\/p>\n","protected":false},"excerpt":{"rendered":"<p>VICHY Capital Soleil Stick f\u00fcr empfindliche Hautpartien LSF 50+ &#8211; Der Stick f\u00fcr empfindliche Hautpartien mit hohem, tiefenwirksamen Zellschutz. F\u00fcr M\u00e4nner und Frauen, die auf der Suche nach einem Sonnenschutz f\u00fcr empfindliche Hautpartien sind.<\/p>\n","protected":false},"featured_media":48284,"template":"","meta":{"_acf_changed":false},"product_brand":[675],"product_cat":[799],"product_tag":[],"class_list":{"0":"post-48282","1":"product","2":"type-product","3":"status-publish","4":"has-post-thumbnail","6":"product_brand-vichy","7":"product_cat-v","8":"pa_packungsgroesse-9g","10":"first","11":"instock","12":"shipping-taxable","13":"purchasable","14":"product-type-simple"},"acf":[],"_links":{"self":[{"href":"https:\/\/www.ernstbrunn-apotheke.at\/katalog\/wp-json\/wp\/v2\/product\/48282","targetHints":{"allow":["GET"]}}],"collection":[{"href":"https:\/\/www.ernstbrunn-apotheke.at\/katalog\/wp-json\/wp\/v2\/product"}],"about":[{"href":"https:\/\/www.ernstbrunn-apotheke.at\/katalog\/wp-json\/wp\/v2\/types\/product"}],"wp:featuredmedia":[{"embeddable":true,"href":"https:\/\/www.ernstbrunn-apotheke.at\/katalog\/wp-json\/wp\/v2\/media\/48284"}],"wp:attachment":[{"href":"https:\/\/www.ernstbrunn-apotheke.at\/katalog\/wp-json\/wp\/v2\/media?parent=48282"}],"wp:term":[{"taxonomy":"product_brand","embeddable":true,"href":"https:\/\/www.ernstbrunn-apotheke.at\/katalog\/wp-json\/wp\/v2\/product_brand?post=48282"},{"taxonomy":"product_cat","embeddable":true,"href":"https:\/\/www.ernstbrunn-apotheke.at\/katalog\/wp-json\/wp\/v2\/product_cat?post=48282"},{"taxonomy":"product_tag","embeddable":true,"href":"https:\/\/www.ernstbrunn-apotheke.at\/katalog\/wp-json\/wp\/v2\/product_tag?post=48282"}],"curies":[{"name":"wp","href":"https:\/\/api.w.org\/{rel}","templated":true}]}}