{"id":48248,"date":"2025-11-10T18:03:07","date_gmt":"2025-11-10T17:03:07","guid":{"rendered":"https:\/\/www.ernstbrunn-apotheke.at\/katalog\/produkt\/ladival-apres-pflege-gel-allergische-haut-200-ml\/"},"modified":"2025-12-08T16:34:07","modified_gmt":"2025-12-08T15:34:07","slug":"ladival-apres-pflege-gel-allergische-haut-200-ml","status":"publish","type":"product","link":"https:\/\/www.ernstbrunn-apotheke.at\/katalog\/produkt\/ladival-apres-pflege-gel-allergische-haut-200-ml\/","title":{"rendered":"Ladival Apr\u00e9s Pflege Gel Allergische Haut 200 ml"},"content":{"rendered":"<p>Ladival\u00ae Apr\u00e9s Pflege Gel Allergische Haut spendet intensiv Feuchtigkeit und beruhigt die sonnengereizte Haut. Es zieht leicht ein, wirkt angenehm k\u00fchlend und hinterl\u00e4sst ein zartes Hautgef\u00fchl ohne zu kleben \u2013 jetzt mit Kauf auf Rechnung bestellen!<\/p>\n","protected":false},"excerpt":{"rendered":"<p>Ladival\u00ae Apr\u00e9s Pflege Gel Allergische Haut spendet intensiv Feuchtigkeit und beruhigt die sonnengereizte Haut. Es zieht leicht ein, wirkt angenehm k\u00fchlend und hinterl\u00e4sst ein zartes Hautgef\u00fchl ohne zu kleben \u2013 jetzt mit Kauf auf Rechnung bestellen!<\/p>\n","protected":false},"featured_media":48250,"template":"","meta":{"_acf_changed":false},"product_brand":[1027],"product_cat":[795],"product_tag":[],"class_list":{"0":"post-48248","1":"product","2":"type-product","3":"status-publish","4":"has-post-thumbnail","6":"product_brand-ladival","7":"product_cat-l","8":"pa_packungsgroesse-200ml","10":"first","11":"instock","12":"shipping-taxable","13":"purchasable","14":"product-type-simple"},"acf":[],"_links":{"self":[{"href":"https:\/\/www.ernstbrunn-apotheke.at\/katalog\/wp-json\/wp\/v2\/product\/48248","targetHints":{"allow":["GET"]}}],"collection":[{"href":"https:\/\/www.ernstbrunn-apotheke.at\/katalog\/wp-json\/wp\/v2\/product"}],"about":[{"href":"https:\/\/www.ernstbrunn-apotheke.at\/katalog\/wp-json\/wp\/v2\/types\/product"}],"wp:featuredmedia":[{"embeddable":true,"href":"https:\/\/www.ernstbrunn-apotheke.at\/katalog\/wp-json\/wp\/v2\/media\/48250"}],"wp:attachment":[{"href":"https:\/\/www.ernstbrunn-apotheke.at\/katalog\/wp-json\/wp\/v2\/media?parent=48248"}],"wp:term":[{"taxonomy":"product_brand","embeddable":true,"href":"https:\/\/www.ernstbrunn-apotheke.at\/katalog\/wp-json\/wp\/v2\/product_brand?post=48248"},{"taxonomy":"product_cat","embeddable":true,"href":"https:\/\/www.ernstbrunn-apotheke.at\/katalog\/wp-json\/wp\/v2\/product_cat?post=48248"},{"taxonomy":"product_tag","embeddable":true,"href":"https:\/\/www.ernstbrunn-apotheke.at\/katalog\/wp-json\/wp\/v2\/product_tag?post=48248"}],"curies":[{"name":"wp","href":"https:\/\/api.w.org\/{rel}","templated":true}]}}