{"id":48227,"date":"2025-11-10T18:02:25","date_gmt":"2025-11-10T17:02:25","guid":{"rendered":"https:\/\/www.ernstbrunn-apotheke.at\/katalog\/produkt\/eucerin-sonnen-allergie-schutz-sonnencreme-gel-lsf-50\/"},"modified":"2025-12-08T16:33:59","modified_gmt":"2025-12-08T15:33:59","slug":"eucerin-sonnen-allergie-schutz-sonnencreme-gel-lsf-50","status":"publish","type":"product","link":"https:\/\/www.ernstbrunn-apotheke.at\/katalog\/produkt\/eucerin-sonnen-allergie-schutz-sonnencreme-gel-lsf-50\/","title":{"rendered":"Eucerin SONNEN ALLERGIE Schutz Sonnencreme-Gel LSF 50+"},"content":{"rendered":"<p>Eucerin Sonnen Allergie Schutz Sun Creme-Gel bietet hohen Schutz f\u00fcr Gesicht und K\u00f6rper bei sonnenallergiegef\u00e4hrdeter Haut. Die ADVANCED SPECTRAL TECHNOLOGY kombiniert UVA\/UVB-Filter1 f\u00fcr hohen UV-Schutz und Licochalcone A zur Neutralisation freier Radikale, ausgel\u00f6st durch UV- und hochenergetisches sichtbares Licht. Es enth\u00e4lt ebenso Glucosylrutin zum Schutz vor sonnenbedingten Allergien wie PLD. Dieses Produkt ist mit den Lichtschutzfaktoren 25 und 50 in Packungen zu 150 ml erh\u00e4ltlich.<\/p>\n","protected":false},"excerpt":{"rendered":"<p>Eucerin Sonnen Allergie Schutz Sun Creme-Gel bietet hohen Schutz f\u00fcr Gesicht und K\u00f6rper bei sonnenallergiegef\u00e4hrdeter Haut. Die ADVANCED SPECTRAL TECHNOLOGY kombiniert UVA\/UVB-Filter1 f\u00fcr hohen UV-Schutz und Licochalcone A zur Neutralisation freier Radikale, ausgel\u00f6st durch UV- und hochenergetisches sichtbares Licht. Es enth\u00e4lt ebenso Glucosylrutin zum Schutz vor sonnenbedingten Allergien wie PLD. Dieses Produkt ist mit den [&hellip;]<\/p>\n","protected":false},"featured_media":48229,"template":"","meta":{"_acf_changed":false},"product_brand":[334],"product_cat":[794],"product_tag":[],"class_list":{"0":"post-48227","1":"product","2":"type-product","3":"status-publish","4":"has-post-thumbnail","6":"product_brand-eucerin","7":"product_cat-e","8":"pa_packungsgroesse-150ml","10":"first","11":"instock","12":"shipping-taxable","13":"purchasable","14":"product-type-simple"},"acf":[],"_links":{"self":[{"href":"https:\/\/www.ernstbrunn-apotheke.at\/katalog\/wp-json\/wp\/v2\/product\/48227","targetHints":{"allow":["GET"]}}],"collection":[{"href":"https:\/\/www.ernstbrunn-apotheke.at\/katalog\/wp-json\/wp\/v2\/product"}],"about":[{"href":"https:\/\/www.ernstbrunn-apotheke.at\/katalog\/wp-json\/wp\/v2\/types\/product"}],"wp:featuredmedia":[{"embeddable":true,"href":"https:\/\/www.ernstbrunn-apotheke.at\/katalog\/wp-json\/wp\/v2\/media\/48229"}],"wp:attachment":[{"href":"https:\/\/www.ernstbrunn-apotheke.at\/katalog\/wp-json\/wp\/v2\/media?parent=48227"}],"wp:term":[{"taxonomy":"product_brand","embeddable":true,"href":"https:\/\/www.ernstbrunn-apotheke.at\/katalog\/wp-json\/wp\/v2\/product_brand?post=48227"},{"taxonomy":"product_cat","embeddable":true,"href":"https:\/\/www.ernstbrunn-apotheke.at\/katalog\/wp-json\/wp\/v2\/product_cat?post=48227"},{"taxonomy":"product_tag","embeddable":true,"href":"https:\/\/www.ernstbrunn-apotheke.at\/katalog\/wp-json\/wp\/v2\/product_tag?post=48227"}],"curies":[{"name":"wp","href":"https:\/\/api.w.org\/{rel}","templated":true}]}}