{"id":48213,"date":"2025-11-10T18:02:25","date_gmt":"2025-11-10T17:02:25","guid":{"rendered":"https:\/\/www.ernstbrunn-apotheke.at\/katalog\/produkt\/heliocare-gesichtsgel-50-uva-30-50-ml\/"},"modified":"2025-12-08T16:33:56","modified_gmt":"2025-12-08T15:33:56","slug":"heliocare-gesichtsgel-50-uva-30-50-ml","status":"publish","type":"product","link":"https:\/\/www.ernstbrunn-apotheke.at\/katalog\/produkt\/heliocare-gesichtsgel-50-uva-30-50-ml\/","title":{"rendered":"Heliocare Gesichtsgel 50\/UVA 30 50 ml"},"content":{"rendered":"<p>Heliocare Silk Gel SPF30 ist ein t\u00e4glicher Sonnenschutzf\u00fcr Gesicht und Dekollet\u00e9.<\/p>\n","protected":false},"excerpt":{"rendered":"<p>Heliocare Silk Gel SPF30 ist ein t\u00e4glicher Sonnenschutzf\u00fcr Gesicht und Dekollet\u00e9.<\/p>\n","protected":false},"featured_media":48215,"template":"","meta":{"_acf_changed":false},"product_brand":[1026],"product_cat":[805],"product_tag":[],"class_list":{"0":"post-48213","1":"product","2":"type-product","3":"status-publish","4":"has-post-thumbnail","6":"product_brand-heliocare","7":"product_cat-h","8":"pa_packungsgroesse-50ml","10":"first","11":"instock","12":"shipping-taxable","13":"purchasable","14":"product-type-simple"},"acf":[],"_links":{"self":[{"href":"https:\/\/www.ernstbrunn-apotheke.at\/katalog\/wp-json\/wp\/v2\/product\/48213","targetHints":{"allow":["GET"]}}],"collection":[{"href":"https:\/\/www.ernstbrunn-apotheke.at\/katalog\/wp-json\/wp\/v2\/product"}],"about":[{"href":"https:\/\/www.ernstbrunn-apotheke.at\/katalog\/wp-json\/wp\/v2\/types\/product"}],"wp:featuredmedia":[{"embeddable":true,"href":"https:\/\/www.ernstbrunn-apotheke.at\/katalog\/wp-json\/wp\/v2\/media\/48215"}],"wp:attachment":[{"href":"https:\/\/www.ernstbrunn-apotheke.at\/katalog\/wp-json\/wp\/v2\/media?parent=48213"}],"wp:term":[{"taxonomy":"product_brand","embeddable":true,"href":"https:\/\/www.ernstbrunn-apotheke.at\/katalog\/wp-json\/wp\/v2\/product_brand?post=48213"},{"taxonomy":"product_cat","embeddable":true,"href":"https:\/\/www.ernstbrunn-apotheke.at\/katalog\/wp-json\/wp\/v2\/product_cat?post=48213"},{"taxonomy":"product_tag","embeddable":true,"href":"https:\/\/www.ernstbrunn-apotheke.at\/katalog\/wp-json\/wp\/v2\/product_tag?post=48213"}],"curies":[{"name":"wp","href":"https:\/\/api.w.org\/{rel}","templated":true}]}}