{"id":48195,"date":"2025-11-10T18:01:58","date_gmt":"2025-11-10T17:01:58","guid":{"rendered":"https:\/\/www.ernstbrunn-apotheke.at\/katalog\/produkt\/la-roche-anthelios-dermo-kids-wet-skin-gel-lsf-50sonnenschutzgel\/"},"modified":"2025-12-08T16:33:51","modified_gmt":"2025-12-08T15:33:51","slug":"la-roche-anthelios-dermo-kids-wet-skin-gel-lsf-50sonnenschutzgel","status":"publish","type":"product","link":"https:\/\/www.ernstbrunn-apotheke.at\/katalog\/produkt\/la-roche-anthelios-dermo-kids-wet-skin-gel-lsf-50sonnenschutzgel\/","title":{"rendered":"La Roche ANTHELIOS DERMO-KIDS Wet Skin Gel LSF 50+Sonnenschutzgel"},"content":{"rendered":"<p>La Roche-Posay Anthelios Dermo-Kids wet skin gel LSF 50+ steht f\u00fcr h\u00f6chsten UV-Schutz und maximale Vertr\u00e4glichkeit f\u00fcr empfindliche Haut und bei Sonnenallergie. Die Produktserie Anthelios hat f\u00fcr jeden Hauttyp die passende Textur und bietet Sonnenschutz f\u00fcr Gesicht, K\u00f6rper und Kinder an.<\/p>\n","protected":false},"excerpt":{"rendered":"<p>La Roche-Posay Anthelios Dermo-Kids wet skin gel LSF 50+ steht f\u00fcr h\u00f6chsten UV-Schutz und maximale Vertr\u00e4glichkeit f\u00fcr empfindliche Haut und bei Sonnenallergie. Die Produktserie Anthelios hat f\u00fcr jeden Hauttyp die passende Textur und bietet Sonnenschutz f\u00fcr Gesicht, K\u00f6rper und Kinder an.<\/p>\n","protected":false},"featured_media":48197,"template":"","meta":{"_acf_changed":false},"product_brand":[677],"product_cat":[795],"product_tag":[],"class_list":{"0":"post-48195","1":"product","2":"type-product","3":"status-publish","4":"has-post-thumbnail","6":"product_brand-la-roche-posay","7":"product_cat-l","8":"pa_packungsgroesse-250ml","10":"first","11":"instock","12":"shipping-taxable","13":"purchasable","14":"product-type-simple"},"acf":[],"_links":{"self":[{"href":"https:\/\/www.ernstbrunn-apotheke.at\/katalog\/wp-json\/wp\/v2\/product\/48195","targetHints":{"allow":["GET"]}}],"collection":[{"href":"https:\/\/www.ernstbrunn-apotheke.at\/katalog\/wp-json\/wp\/v2\/product"}],"about":[{"href":"https:\/\/www.ernstbrunn-apotheke.at\/katalog\/wp-json\/wp\/v2\/types\/product"}],"wp:featuredmedia":[{"embeddable":true,"href":"https:\/\/www.ernstbrunn-apotheke.at\/katalog\/wp-json\/wp\/v2\/media\/48197"}],"wp:attachment":[{"href":"https:\/\/www.ernstbrunn-apotheke.at\/katalog\/wp-json\/wp\/v2\/media?parent=48195"}],"wp:term":[{"taxonomy":"product_brand","embeddable":true,"href":"https:\/\/www.ernstbrunn-apotheke.at\/katalog\/wp-json\/wp\/v2\/product_brand?post=48195"},{"taxonomy":"product_cat","embeddable":true,"href":"https:\/\/www.ernstbrunn-apotheke.at\/katalog\/wp-json\/wp\/v2\/product_cat?post=48195"},{"taxonomy":"product_tag","embeddable":true,"href":"https:\/\/www.ernstbrunn-apotheke.at\/katalog\/wp-json\/wp\/v2\/product_tag?post=48195"}],"curies":[{"name":"wp","href":"https:\/\/api.w.org\/{rel}","templated":true}]}}