{"id":48127,"date":"2025-11-10T18:00:54","date_gmt":"2025-11-10T17:00:54","guid":{"rendered":"https:\/\/www.ernstbrunn-apotheke.at\/katalog\/produkt\/beta-carotin-5mg-kapseln\/"},"modified":"2025-12-08T16:33:34","modified_gmt":"2025-12-08T15:33:34","slug":"beta-carotin-5mg-kapseln","status":"publish","type":"product","link":"https:\/\/www.ernstbrunn-apotheke.at\/katalog\/produkt\/beta-carotin-5mg-kapseln\/","title":{"rendered":"Beta Carotin 5mg Kapseln"},"content":{"rendered":"<p>Gall Pharma Beta Carotin 5 mg Kapseln enthalten 5 mg Beta-Carotin in einer Hartgelatinekapsel. Vitamin A tr\u00e4gt zu einem normalen Eisenstoffwechsel und zur Erhaltung normaler Schleimh\u00e4ute bei. Au\u00dferdem dient es zur Erhaltung normaler Haut und Sehkraft und st\u00e4rkt die Funktion des Immunsystems. Zudem hat es eine Funktion bei der Zellspezialisierung.<\/p>\n","protected":false},"excerpt":{"rendered":"<p>Gall Pharma Beta Carotin 5 mg Kapseln enthalten 5 mg Beta-Carotin in einer Hartgelatinekapsel. Vitamin A tr\u00e4gt zu einem normalen Eisenstoffwechsel und zur Erhaltung normaler Schleimh\u00e4ute bei. Au\u00dferdem dient es zur Erhaltung normaler Haut und Sehkraft und st\u00e4rkt die Funktion des Immunsystems. Zudem hat es eine Funktion bei der Zellspezialisierung.<\/p>\n","protected":false},"featured_media":48129,"template":"","meta":{"_acf_changed":false},"product_brand":[371],"product_cat":[802],"product_tag":[],"class_list":{"0":"post-48127","1":"product","2":"type-product","3":"status-publish","4":"has-post-thumbnail","6":"product_brand-gall-pharma","7":"product_cat-b","8":"pa_packungsgroesse-120-stueck","9":"pa_packungsgroesse-60-stueck","11":"first","12":"instock","13":"shipping-taxable","14":"purchasable","15":"product-type-simple"},"acf":[],"_links":{"self":[{"href":"https:\/\/www.ernstbrunn-apotheke.at\/katalog\/wp-json\/wp\/v2\/product\/48127","targetHints":{"allow":["GET"]}}],"collection":[{"href":"https:\/\/www.ernstbrunn-apotheke.at\/katalog\/wp-json\/wp\/v2\/product"}],"about":[{"href":"https:\/\/www.ernstbrunn-apotheke.at\/katalog\/wp-json\/wp\/v2\/types\/product"}],"wp:featuredmedia":[{"embeddable":true,"href":"https:\/\/www.ernstbrunn-apotheke.at\/katalog\/wp-json\/wp\/v2\/media\/48129"}],"wp:attachment":[{"href":"https:\/\/www.ernstbrunn-apotheke.at\/katalog\/wp-json\/wp\/v2\/media?parent=48127"}],"wp:term":[{"taxonomy":"product_brand","embeddable":true,"href":"https:\/\/www.ernstbrunn-apotheke.at\/katalog\/wp-json\/wp\/v2\/product_brand?post=48127"},{"taxonomy":"product_cat","embeddable":true,"href":"https:\/\/www.ernstbrunn-apotheke.at\/katalog\/wp-json\/wp\/v2\/product_cat?post=48127"},{"taxonomy":"product_tag","embeddable":true,"href":"https:\/\/www.ernstbrunn-apotheke.at\/katalog\/wp-json\/wp\/v2\/product_tag?post=48127"}],"curies":[{"name":"wp","href":"https:\/\/api.w.org\/{rel}","templated":true}]}}