{"id":48113,"date":"2025-11-10T17:59:56","date_gmt":"2025-11-10T16:59:56","guid":{"rendered":"https:\/\/www.ernstbrunn-apotheke.at\/katalog\/produkt\/hafesan-carotin-sonnenbraun-plus-kapseln-60-stk\/"},"modified":"2025-12-08T16:33:31","modified_gmt":"2025-12-08T15:33:31","slug":"hafesan-carotin-sonnenbraun-plus-kapseln-60-stk","status":"publish","type":"product","link":"https:\/\/www.ernstbrunn-apotheke.at\/katalog\/produkt\/hafesan-carotin-sonnenbraun-plus-kapseln-60-stk\/","title":{"rendered":"Hafesan Carotin Sonnenbraun Plus Kapseln 60 Stk."},"content":{"rendered":"<p>Hafesan\u00ae Carotin Sonnenbraun Plus Kapseln beschleunigen den Br\u00e4unungsprozess der Haut auf nat\u00fcrliche Weise  und bieten einen zus\u00e4tzlichen Schutz bei Sonneneinwirkung oder Solariumbesuchen.<\/p>\n","protected":false},"excerpt":{"rendered":"<p>Hafesan\u00ae Carotin Sonnenbraun Plus Kapseln beschleunigen den Br\u00e4unungsprozess der Haut auf nat\u00fcrliche Weise und bieten einen zus\u00e4tzlichen Schutz bei Sonneneinwirkung oder Solariumbesuchen.<\/p>\n","protected":false},"featured_media":48115,"template":"","meta":{"_acf_changed":false},"product_brand":[376],"product_cat":[805],"product_tag":[],"class_list":{"0":"post-48113","1":"product","2":"type-product","3":"status-publish","4":"has-post-thumbnail","6":"product_brand-hafesan","7":"product_cat-h","8":"pa_packungsgroesse-60-stueck","10":"first","11":"instock","12":"shipping-taxable","13":"purchasable","14":"product-type-simple"},"acf":[],"_links":{"self":[{"href":"https:\/\/www.ernstbrunn-apotheke.at\/katalog\/wp-json\/wp\/v2\/product\/48113","targetHints":{"allow":["GET"]}}],"collection":[{"href":"https:\/\/www.ernstbrunn-apotheke.at\/katalog\/wp-json\/wp\/v2\/product"}],"about":[{"href":"https:\/\/www.ernstbrunn-apotheke.at\/katalog\/wp-json\/wp\/v2\/types\/product"}],"wp:featuredmedia":[{"embeddable":true,"href":"https:\/\/www.ernstbrunn-apotheke.at\/katalog\/wp-json\/wp\/v2\/media\/48115"}],"wp:attachment":[{"href":"https:\/\/www.ernstbrunn-apotheke.at\/katalog\/wp-json\/wp\/v2\/media?parent=48113"}],"wp:term":[{"taxonomy":"product_brand","embeddable":true,"href":"https:\/\/www.ernstbrunn-apotheke.at\/katalog\/wp-json\/wp\/v2\/product_brand?post=48113"},{"taxonomy":"product_cat","embeddable":true,"href":"https:\/\/www.ernstbrunn-apotheke.at\/katalog\/wp-json\/wp\/v2\/product_cat?post=48113"},{"taxonomy":"product_tag","embeddable":true,"href":"https:\/\/www.ernstbrunn-apotheke.at\/katalog\/wp-json\/wp\/v2\/product_tag?post=48113"}],"curies":[{"name":"wp","href":"https:\/\/api.w.org\/{rel}","templated":true}]}}