{"id":48100,"date":"2025-11-10T17:59:56","date_gmt":"2025-11-10T16:59:56","guid":{"rendered":"https:\/\/www.ernstbrunn-apotheke.at\/katalog\/produkt\/heliocare-kapseln-60-stk\/"},"modified":"2025-12-08T16:33:28","modified_gmt":"2025-12-08T15:33:28","slug":"heliocare-kapseln-60-stk","status":"publish","type":"product","link":"https:\/\/www.ernstbrunn-apotheke.at\/katalog\/produkt\/heliocare-kapseln-60-stk\/","title":{"rendered":"Heliocare Kapseln 60 Stk."},"content":{"rendered":"<ul>&#13;<\/p>\n<li>Nahrungserg\u00e4nzungsmittel mit Polypodium-leucotomos-Extrakt<\/li>\n<p>&#13;<\/p>\n<li>Enth\u00e4lt Beta-Carotin und Gr\u00fcntee-Extakt<\/li>\n<p>&#13;<\/p>\n<li>Unterst\u00fctzt das hauteigene Immunsystem<\/li>\n<p>&#13;<\/p>\n<li>Schutz vor oxidativem Stress<\/li>\n<p>&#13;<\/p>\n<li>Vegan, glutenfrei, lactosefrei<\/li>\n<p>&#13;\n<\/ul>\n","protected":false},"excerpt":{"rendered":"<p>&#13; Nahrungserg\u00e4nzungsmittel mit Polypodium-leucotomos-Extrakt &#13; Enth\u00e4lt Beta-Carotin und Gr\u00fcntee-Extakt &#13; Unterst\u00fctzt das hauteigene Immunsystem &#13; Schutz vor oxidativem Stress &#13; Vegan, glutenfrei, lactosefrei &#13;<\/p>\n","protected":false},"featured_media":48102,"template":"","meta":{"_acf_changed":false},"product_brand":[1026],"product_cat":[805],"product_tag":[],"class_list":{"0":"post-48100","1":"product","2":"type-product","3":"status-publish","4":"has-post-thumbnail","6":"product_brand-heliocare","7":"product_cat-h","8":"pa_packungsgroesse-60-stueck","10":"first","11":"instock","12":"shipping-taxable","13":"purchasable","14":"product-type-simple"},"acf":[],"_links":{"self":[{"href":"https:\/\/www.ernstbrunn-apotheke.at\/katalog\/wp-json\/wp\/v2\/product\/48100","targetHints":{"allow":["GET"]}}],"collection":[{"href":"https:\/\/www.ernstbrunn-apotheke.at\/katalog\/wp-json\/wp\/v2\/product"}],"about":[{"href":"https:\/\/www.ernstbrunn-apotheke.at\/katalog\/wp-json\/wp\/v2\/types\/product"}],"wp:featuredmedia":[{"embeddable":true,"href":"https:\/\/www.ernstbrunn-apotheke.at\/katalog\/wp-json\/wp\/v2\/media\/48102"}],"wp:attachment":[{"href":"https:\/\/www.ernstbrunn-apotheke.at\/katalog\/wp-json\/wp\/v2\/media?parent=48100"}],"wp:term":[{"taxonomy":"product_brand","embeddable":true,"href":"https:\/\/www.ernstbrunn-apotheke.at\/katalog\/wp-json\/wp\/v2\/product_brand?post=48100"},{"taxonomy":"product_cat","embeddable":true,"href":"https:\/\/www.ernstbrunn-apotheke.at\/katalog\/wp-json\/wp\/v2\/product_cat?post=48100"},{"taxonomy":"product_tag","embeddable":true,"href":"https:\/\/www.ernstbrunn-apotheke.at\/katalog\/wp-json\/wp\/v2\/product_tag?post=48100"}],"curies":[{"name":"wp","href":"https:\/\/api.w.org\/{rel}","templated":true}]}}