{"id":48036,"date":"2025-11-10T17:59:19","date_gmt":"2025-11-10T16:59:19","guid":{"rendered":"https:\/\/www.ernstbrunn-apotheke.at\/katalog\/produkt\/nestle-beba-fruehgeborenennahrung-1-fluessig-90-ml-32-stk\/"},"modified":"2025-12-08T16:33:04","modified_gmt":"2025-12-08T15:33:04","slug":"nestle-beba-fruehgeborenennahrung-1-fluessig-90-ml-32-stk","status":"publish","type":"product","link":"https:\/\/www.ernstbrunn-apotheke.at\/katalog\/produkt\/nestle-beba-fruehgeborenennahrung-1-fluessig-90-ml-32-stk\/","title":{"rendered":"Nestl\u00e9 Beba Fr\u00fchgeborenennahrung 1 fl\u00fcssig 90 ml 32 Stk."},"content":{"rendered":"<p>Seit \u00fcber 145 Jahren erforscht Nestl\u00e9 die besonderen Ern\u00e4hrungsbed\u00fcrfnisse von S\u00e4uglingen. Zusammen mit weltweit f\u00fchrenden Ern\u00e4hrungsexperten entwickelt Nestl\u00e9 BEBA S\u00e4uglingsnahrungen, die stets neuesten wissenschaftlichen Erkenntnissen entsprechen \u2013 gemeinsam f\u00fcr einen guten Start in die Zukunft.<\/p>\n","protected":false},"excerpt":{"rendered":"<p>Seit \u00fcber 145 Jahren erforscht Nestl\u00e9 die besonderen Ern\u00e4hrungsbed\u00fcrfnisse von S\u00e4uglingen. Zusammen mit weltweit f\u00fchrenden Ern\u00e4hrungsexperten entwickelt Nestl\u00e9 BEBA S\u00e4uglingsnahrungen, die stets neuesten wissenschaftlichen Erkenntnissen entsprechen \u2013 gemeinsam f\u00fcr einen guten Start in die Zukunft.<\/p>\n","protected":false},"featured_media":48038,"template":"","meta":{"_acf_changed":false},"product_brand":[833],"product_cat":[797],"product_tag":[],"class_list":{"0":"post-48036","1":"product","2":"type-product","3":"status-publish","4":"has-post-thumbnail","6":"product_brand-nestle","7":"product_cat-n","8":"pa_packungsgroesse-32-stueck","10":"first","11":"instock","12":"shipping-taxable","13":"purchasable","14":"product-type-simple"},"acf":[],"_links":{"self":[{"href":"https:\/\/www.ernstbrunn-apotheke.at\/katalog\/wp-json\/wp\/v2\/product\/48036","targetHints":{"allow":["GET"]}}],"collection":[{"href":"https:\/\/www.ernstbrunn-apotheke.at\/katalog\/wp-json\/wp\/v2\/product"}],"about":[{"href":"https:\/\/www.ernstbrunn-apotheke.at\/katalog\/wp-json\/wp\/v2\/types\/product"}],"wp:featuredmedia":[{"embeddable":true,"href":"https:\/\/www.ernstbrunn-apotheke.at\/katalog\/wp-json\/wp\/v2\/media\/48038"}],"wp:attachment":[{"href":"https:\/\/www.ernstbrunn-apotheke.at\/katalog\/wp-json\/wp\/v2\/media?parent=48036"}],"wp:term":[{"taxonomy":"product_brand","embeddable":true,"href":"https:\/\/www.ernstbrunn-apotheke.at\/katalog\/wp-json\/wp\/v2\/product_brand?post=48036"},{"taxonomy":"product_cat","embeddable":true,"href":"https:\/\/www.ernstbrunn-apotheke.at\/katalog\/wp-json\/wp\/v2\/product_cat?post=48036"},{"taxonomy":"product_tag","embeddable":true,"href":"https:\/\/www.ernstbrunn-apotheke.at\/katalog\/wp-json\/wp\/v2\/product_tag?post=48036"}],"curies":[{"name":"wp","href":"https:\/\/api.w.org\/{rel}","templated":true}]}}