{"id":48019,"date":"2025-11-10T17:58:42","date_gmt":"2025-11-10T16:58:42","guid":{"rendered":"https:\/\/www.ernstbrunn-apotheke.at\/katalog\/produkt\/hipp-bio-fruechte-tee-im-aufgussbeutel-40-g\/"},"modified":"2025-12-08T16:32:55","modified_gmt":"2025-12-08T15:32:55","slug":"hipp-bio-fruechte-tee-im-aufgussbeutel-40-g","status":"publish","type":"product","link":"https:\/\/www.ernstbrunn-apotheke.at\/katalog\/produkt\/hipp-bio-fruechte-tee-im-aufgussbeutel-40-g\/","title":{"rendered":"Hipp Bio-Fr\u00fcchte-Tee im Aufgussbeutel 40 g"},"content":{"rendered":"<p>Der Hipp Bio-Fr\u00fcchte-Tee ist ein milder Tee, der aus \u00c4pfeln, Karotten, Himbeeren und Hagebutte von h\u00f6chster Bio-Qualit\u00e4t hergestellt wird. Er enth\u00e4lt keinen zus\u00e4tzlichen Zucker und ist frei von Aromen und Milchprodukten.<\/p>\n","protected":false},"excerpt":{"rendered":"<p>Der Hipp Bio-Fr\u00fcchte-Tee ist ein milder Tee, der aus \u00c4pfeln, Karotten, Himbeeren und Hagebutte von h\u00f6chster Bio-Qualit\u00e4t hergestellt wird. Er enth\u00e4lt keinen zus\u00e4tzlichen Zucker und ist frei von Aromen und Milchprodukten.<\/p>\n","protected":false},"featured_media":48021,"template":"","meta":{"_acf_changed":false},"product_brand":[],"product_cat":[805],"product_tag":[],"class_list":{"0":"post-48019","1":"product","2":"type-product","3":"status-publish","4":"has-post-thumbnail","6":"product_cat-h","7":"pa_packungsgroesse-40g","9":"first","10":"instock","11":"shipping-taxable","12":"purchasable","13":"product-type-simple"},"acf":[],"_links":{"self":[{"href":"https:\/\/www.ernstbrunn-apotheke.at\/katalog\/wp-json\/wp\/v2\/product\/48019","targetHints":{"allow":["GET"]}}],"collection":[{"href":"https:\/\/www.ernstbrunn-apotheke.at\/katalog\/wp-json\/wp\/v2\/product"}],"about":[{"href":"https:\/\/www.ernstbrunn-apotheke.at\/katalog\/wp-json\/wp\/v2\/types\/product"}],"wp:featuredmedia":[{"embeddable":true,"href":"https:\/\/www.ernstbrunn-apotheke.at\/katalog\/wp-json\/wp\/v2\/media\/48021"}],"wp:attachment":[{"href":"https:\/\/www.ernstbrunn-apotheke.at\/katalog\/wp-json\/wp\/v2\/media?parent=48019"}],"wp:term":[{"taxonomy":"product_brand","embeddable":true,"href":"https:\/\/www.ernstbrunn-apotheke.at\/katalog\/wp-json\/wp\/v2\/product_brand?post=48019"},{"taxonomy":"product_cat","embeddable":true,"href":"https:\/\/www.ernstbrunn-apotheke.at\/katalog\/wp-json\/wp\/v2\/product_cat?post=48019"},{"taxonomy":"product_tag","embeddable":true,"href":"https:\/\/www.ernstbrunn-apotheke.at\/katalog\/wp-json\/wp\/v2\/product_tag?post=48019"}],"curies":[{"name":"wp","href":"https:\/\/api.w.org\/{rel}","templated":true}]}}