{"id":47968,"date":"2025-11-10T17:57:50","date_gmt":"2025-11-10T16:57:50","guid":{"rendered":"https:\/\/www.ernstbrunn-apotheke.at\/katalog\/produkt\/nivea-baby-wundschutzcreme-100-ml\/"},"modified":"2025-12-08T16:32:41","modified_gmt":"2025-12-08T15:32:41","slug":"nivea-baby-wundschutzcreme-100-ml","status":"publish","type":"product","link":"https:\/\/www.ernstbrunn-apotheke.at\/katalog\/produkt\/nivea-baby-wundschutzcreme-100-ml\/","title":{"rendered":"Nivea Baby Wundschutzcreme 100 ml"},"content":{"rendered":"<p>Nivea Baby Wundschutzcreme beruhigt Reizungen am Po und hilft R\u00f6tungen und Irritationen sichtbar zu mildern. Ein spezieller N\u00e4sse-Schutzkomplex mit Zinkoxid weist Feuchtigkeit wirksam und lang anhaltend ab. Die Formel mit Panthenol st\u00e4rkt die Schutzbarriere der Haut und hilft Hautirritationen zu lindern. R\u00f6tungen und Reizungen klingen schneller ab. Die extra sanfte Creme l\u00e4sst sich leicht verteilen und abwischen.<\/p>\n","protected":false},"excerpt":{"rendered":"<p>Nivea Baby Wundschutzcreme beruhigt Reizungen am Po und hilft R\u00f6tungen und Irritationen sichtbar zu mildern. Ein spezieller N\u00e4sse-Schutzkomplex mit Zinkoxid weist Feuchtigkeit wirksam und lang anhaltend ab. Die Formel mit Panthenol st\u00e4rkt die Schutzbarriere der Haut und hilft Hautirritationen zu lindern. R\u00f6tungen und Reizungen klingen schneller ab. Die extra sanfte Creme l\u00e4sst sich leicht verteilen [&hellip;]<\/p>\n","protected":false},"featured_media":47970,"template":"","meta":{"_acf_changed":false},"product_brand":[1017],"product_cat":[797],"product_tag":[],"class_list":{"0":"post-47968","1":"product","2":"type-product","3":"status-publish","4":"has-post-thumbnail","6":"product_brand-nivea","7":"product_cat-n","8":"pa_packungsgroesse-100ml","10":"first","11":"instock","12":"shipping-taxable","13":"purchasable","14":"product-type-simple"},"acf":[],"_links":{"self":[{"href":"https:\/\/www.ernstbrunn-apotheke.at\/katalog\/wp-json\/wp\/v2\/product\/47968","targetHints":{"allow":["GET"]}}],"collection":[{"href":"https:\/\/www.ernstbrunn-apotheke.at\/katalog\/wp-json\/wp\/v2\/product"}],"about":[{"href":"https:\/\/www.ernstbrunn-apotheke.at\/katalog\/wp-json\/wp\/v2\/types\/product"}],"wp:featuredmedia":[{"embeddable":true,"href":"https:\/\/www.ernstbrunn-apotheke.at\/katalog\/wp-json\/wp\/v2\/media\/47970"}],"wp:attachment":[{"href":"https:\/\/www.ernstbrunn-apotheke.at\/katalog\/wp-json\/wp\/v2\/media?parent=47968"}],"wp:term":[{"taxonomy":"product_brand","embeddable":true,"href":"https:\/\/www.ernstbrunn-apotheke.at\/katalog\/wp-json\/wp\/v2\/product_brand?post=47968"},{"taxonomy":"product_cat","embeddable":true,"href":"https:\/\/www.ernstbrunn-apotheke.at\/katalog\/wp-json\/wp\/v2\/product_cat?post=47968"},{"taxonomy":"product_tag","embeddable":true,"href":"https:\/\/www.ernstbrunn-apotheke.at\/katalog\/wp-json\/wp\/v2\/product_tag?post=47968"}],"curies":[{"name":"wp","href":"https:\/\/api.w.org\/{rel}","templated":true}]}}