{"id":47714,"date":"2025-11-10T17:53:18","date_gmt":"2025-11-10T16:53:18","guid":{"rendered":"https:\/\/www.ernstbrunn-apotheke.at\/katalog\/produkt\/allergika-dermifant-kindercreme-100-ml\/"},"modified":"2025-12-08T16:31:17","modified_gmt":"2025-12-08T15:31:17","slug":"allergika-dermifant-kindercreme-100-ml","status":"publish","type":"product","link":"https:\/\/www.ernstbrunn-apotheke.at\/katalog\/produkt\/allergika-dermifant-kindercreme-100-ml\/","title":{"rendered":"Allergika Dermifant Kindercreme 100 ml"},"content":{"rendered":"<p>Allergika Dermifant Kindercreme pflegt und sch\u00fctzt trockene, empfindliche und zu Neurodermitis neigende Haut. Wertvolles nat\u00fcrliches Nachtkerzen\u00f6l macht die Haut weich und widerstandsf\u00e4hig. Glycerin wirkt intensiv feuchtigkeitsspendend und st\u00e4rkt die Hautbarriere.<\/p>\n","protected":false},"excerpt":{"rendered":"<p>Allergika Dermifant Kindercreme pflegt und sch\u00fctzt trockene, empfindliche und zu Neurodermitis neigende Haut. Wertvolles nat\u00fcrliches Nachtkerzen\u00f6l macht die Haut weich und widerstandsf\u00e4hig. Glycerin wirkt intensiv feuchtigkeitsspendend und st\u00e4rkt die Hautbarriere.<\/p>\n","protected":false},"featured_media":47716,"template":"","meta":{"_acf_changed":false},"product_brand":[396],"product_cat":[801],"product_tag":[],"class_list":{"0":"post-47714","1":"product","2":"type-product","3":"status-publish","4":"has-post-thumbnail","6":"product_brand-allergika","7":"product_cat-a","8":"pa_packungsgroesse-100ml","10":"first","11":"instock","12":"shipping-taxable","13":"purchasable","14":"product-type-simple"},"acf":[],"_links":{"self":[{"href":"https:\/\/www.ernstbrunn-apotheke.at\/katalog\/wp-json\/wp\/v2\/product\/47714","targetHints":{"allow":["GET"]}}],"collection":[{"href":"https:\/\/www.ernstbrunn-apotheke.at\/katalog\/wp-json\/wp\/v2\/product"}],"about":[{"href":"https:\/\/www.ernstbrunn-apotheke.at\/katalog\/wp-json\/wp\/v2\/types\/product"}],"wp:featuredmedia":[{"embeddable":true,"href":"https:\/\/www.ernstbrunn-apotheke.at\/katalog\/wp-json\/wp\/v2\/media\/47716"}],"wp:attachment":[{"href":"https:\/\/www.ernstbrunn-apotheke.at\/katalog\/wp-json\/wp\/v2\/media?parent=47714"}],"wp:term":[{"taxonomy":"product_brand","embeddable":true,"href":"https:\/\/www.ernstbrunn-apotheke.at\/katalog\/wp-json\/wp\/v2\/product_brand?post=47714"},{"taxonomy":"product_cat","embeddable":true,"href":"https:\/\/www.ernstbrunn-apotheke.at\/katalog\/wp-json\/wp\/v2\/product_cat?post=47714"},{"taxonomy":"product_tag","embeddable":true,"href":"https:\/\/www.ernstbrunn-apotheke.at\/katalog\/wp-json\/wp\/v2\/product_tag?post=47714"}],"curies":[{"name":"wp","href":"https:\/\/api.w.org\/{rel}","templated":true}]}}