{"id":47629,"date":"2025-11-10T17:51:35","date_gmt":"2025-11-10T16:51:35","guid":{"rendered":"https:\/\/www.ernstbrunn-apotheke.at\/katalog\/produkt\/holle-bio-vollkorngetreidebrei-hirse-250-g\/"},"modified":"2025-12-08T16:30:56","modified_gmt":"2025-12-08T15:30:56","slug":"holle-bio-vollkorngetreidebrei-hirse-250-g","status":"publish","type":"product","link":"https:\/\/www.ernstbrunn-apotheke.at\/katalog\/produkt\/holle-bio-vollkorngetreidebrei-hirse-250-g\/","title":{"rendered":"Holle BIO-Vollkorngetreidebrei Hirse 250 g"},"content":{"rendered":"<p>Holle BIO-Vollkorngetreidebrei Hirse eignet sich besonders gut f\u00fcr den Beginn mit Beikost, fr\u00fchestens nach dem 4. Lebensmonat als Teil einer gemischten Ern\u00e4hrung.<\/p>\n","protected":false},"excerpt":{"rendered":"<p>Holle BIO-Vollkorngetreidebrei Hirse eignet sich besonders gut f\u00fcr den Beginn mit Beikost, fr\u00fchestens nach dem 4. Lebensmonat als Teil einer gemischten Ern\u00e4hrung.<\/p>\n","protected":false},"featured_media":47631,"template":"","meta":{"_acf_changed":false},"product_brand":[],"product_cat":[805],"product_tag":[],"class_list":{"0":"post-47629","1":"product","2":"type-product","3":"status-publish","4":"has-post-thumbnail","6":"product_cat-h","7":"pa_packungsgroesse-250g","9":"first","10":"instock","11":"shipping-taxable","12":"purchasable","13":"product-type-simple"},"acf":[],"_links":{"self":[{"href":"https:\/\/www.ernstbrunn-apotheke.at\/katalog\/wp-json\/wp\/v2\/product\/47629","targetHints":{"allow":["GET"]}}],"collection":[{"href":"https:\/\/www.ernstbrunn-apotheke.at\/katalog\/wp-json\/wp\/v2\/product"}],"about":[{"href":"https:\/\/www.ernstbrunn-apotheke.at\/katalog\/wp-json\/wp\/v2\/types\/product"}],"wp:featuredmedia":[{"embeddable":true,"href":"https:\/\/www.ernstbrunn-apotheke.at\/katalog\/wp-json\/wp\/v2\/media\/47631"}],"wp:attachment":[{"href":"https:\/\/www.ernstbrunn-apotheke.at\/katalog\/wp-json\/wp\/v2\/media?parent=47629"}],"wp:term":[{"taxonomy":"product_brand","embeddable":true,"href":"https:\/\/www.ernstbrunn-apotheke.at\/katalog\/wp-json\/wp\/v2\/product_brand?post=47629"},{"taxonomy":"product_cat","embeddable":true,"href":"https:\/\/www.ernstbrunn-apotheke.at\/katalog\/wp-json\/wp\/v2\/product_cat?post=47629"},{"taxonomy":"product_tag","embeddable":true,"href":"https:\/\/www.ernstbrunn-apotheke.at\/katalog\/wp-json\/wp\/v2\/product_tag?post=47629"}],"curies":[{"name":"wp","href":"https:\/\/api.w.org\/{rel}","templated":true}]}}