{"id":47499,"date":"2025-11-10T17:49:12","date_gmt":"2025-11-10T16:49:12","guid":{"rendered":"https:\/\/www.ernstbrunn-apotheke.at\/katalog\/produkt\/hafesan-vitamin-b-folsaeure-biotin-kapseln-60-stk\/"},"modified":"2025-12-08T16:30:25","modified_gmt":"2025-12-08T15:30:25","slug":"hafesan-vitamin-b-folsaeure-biotin-kapseln-60-stk","status":"publish","type":"product","link":"https:\/\/www.ernstbrunn-apotheke.at\/katalog\/produkt\/hafesan-vitamin-b-folsaeure-biotin-kapseln-60-stk\/","title":{"rendered":"Hafesan Vitamin B + Fols\u00e4ure + Biotin Kapseln 60 Stk."},"content":{"rendered":"<p>Die in Hafesan\u00ae Vitamin B + Fols\u00e4ure + Biotin Kapseln enthaltenen B-Vitamine erf\u00fcllen im menschlichen K\u00f6rper zahlreiche lebenswichtige Aufgaben. Sie unterst\u00fctzen unter anderem das Immunsystem, sind wichtig f\u00fcr Haut und Schleimh\u00e4ute und tragen zur Funktionsf\u00e4higkeit des Nervensystems bei \u2013  versandkostenfreie* Lieferung nutzen!<\/p>\n","protected":false},"excerpt":{"rendered":"<p>Die in Hafesan\u00ae Vitamin B + Fols\u00e4ure + Biotin Kapseln enthaltenen B-Vitamine erf\u00fcllen im menschlichen K\u00f6rper zahlreiche lebenswichtige Aufgaben. Sie unterst\u00fctzen unter anderem das Immunsystem, sind wichtig f\u00fcr Haut und Schleimh\u00e4ute und tragen zur Funktionsf\u00e4higkeit des Nervensystems bei \u2013 versandkostenfreie* Lieferung nutzen!<\/p>\n","protected":false},"featured_media":47501,"template":"","meta":{"_acf_changed":false},"product_brand":[376],"product_cat":[805],"product_tag":[],"class_list":{"0":"post-47499","1":"product","2":"type-product","3":"status-publish","4":"has-post-thumbnail","6":"product_brand-hafesan","7":"product_cat-h","8":"pa_packungsgroesse-60-stueck","10":"first","11":"instock","12":"shipping-taxable","13":"purchasable","14":"product-type-simple"},"acf":[],"_links":{"self":[{"href":"https:\/\/www.ernstbrunn-apotheke.at\/katalog\/wp-json\/wp\/v2\/product\/47499","targetHints":{"allow":["GET"]}}],"collection":[{"href":"https:\/\/www.ernstbrunn-apotheke.at\/katalog\/wp-json\/wp\/v2\/product"}],"about":[{"href":"https:\/\/www.ernstbrunn-apotheke.at\/katalog\/wp-json\/wp\/v2\/types\/product"}],"wp:featuredmedia":[{"embeddable":true,"href":"https:\/\/www.ernstbrunn-apotheke.at\/katalog\/wp-json\/wp\/v2\/media\/47501"}],"wp:attachment":[{"href":"https:\/\/www.ernstbrunn-apotheke.at\/katalog\/wp-json\/wp\/v2\/media?parent=47499"}],"wp:term":[{"taxonomy":"product_brand","embeddable":true,"href":"https:\/\/www.ernstbrunn-apotheke.at\/katalog\/wp-json\/wp\/v2\/product_brand?post=47499"},{"taxonomy":"product_cat","embeddable":true,"href":"https:\/\/www.ernstbrunn-apotheke.at\/katalog\/wp-json\/wp\/v2\/product_cat?post=47499"},{"taxonomy":"product_tag","embeddable":true,"href":"https:\/\/www.ernstbrunn-apotheke.at\/katalog\/wp-json\/wp\/v2\/product_tag?post=47499"}],"curies":[{"name":"wp","href":"https:\/\/api.w.org\/{rel}","templated":true}]}}